{"id":1964,"date":"2020-08-16T23:11:30","date_gmt":"2020-08-16T23:11:30","guid":{"rendered":"https:\/\/theflooring.pro\/faq\/"},"modified":"2020-10-31T03:06:17","modified_gmt":"2020-10-31T03:06:17","slug":"faq","status":"publish","type":"page","link":"https:\/\/theflooring.pro\/pt-pt\/faq\/","title":{"rendered":"FAQ"},"content":{"rendered":"[vc_row type=&#8221;full_width_background&#8221; full_screen_row_position=&#8221;middle&#8221; column_margin=&#8221;default&#8221; column_direction=&#8221;default&#8221; column_direction_tablet=&#8221;default&#8221; column_direction_phone=&#8221;default&#8221; bg_color=&#8221;#f7f7f7&#8243; scene_position=&#8221;center&#8221; top_padding=&#8221;100&#8243; bottom_padding=&#8221;100&#8243; text_color=&#8221;dark&#8221; text_align=&#8221;left&#8221; row_border_radius=&#8221;none&#8221; row_border_radius_applies=&#8221;bg&#8221; overlay_strength=&#8221;0.3&#8243; gradient_direction=&#8221;left_to_right&#8221; shape_divider_position=&#8221;bottom&#8221; bg_image_animation=&#8221;none&#8221;][vc_column column_padding=&#8221;no-extra-padding&#8221; column_padding_tablet=&#8221;inherit&#8221; column_padding_phone=&#8221;inherit&#8221; column_padding_position=&#8221;all&#8221; background_color_opacity=&#8221;1&#8243; background_hover_color_opacity=&#8221;1&#8243; column_shadow=&#8221;none&#8221; column_border_radius=&#8221;none&#8221; column_link_target=&#8221;_self&#8221; gradient_direction=&#8221;left_to_right&#8221; overlay_strength=&#8221;0.3&#8243; width=&#8221;1\/1&#8243; tablet_width_inherit=&#8221;default&#8221; tablet_text_alignment=&#8221;default&#8221; phone_text_alignment=&#8221;default&#8221; column_border_width=&#8221;none&#8221; column_border_style=&#8221;solid&#8221; bg_image_animation=&#8221;none&#8221;][vc_column_text]\n<h2>About ECO BEAUTY\u00ae<\/h2>\n[\/vc_column_text][toggles style=&#8221;minimal&#8221;][toggle color=&#8221;Default&#8221; title=&#8221;Do que \u00e9 feito o Vinil Tecido de PVC?&#8221;][vc_column_text]O vinil tecido de PVC \u00e9 feito de um fio de poli\u00e9ster revestido de PVC.[\/vc_column_text][\/toggle][toggle color=&#8221;Default&#8221; title=&#8221;De que \u00e9 feito o apoio?&#8221;][vc_column_text]\n<div class=\"faq expanded\">\n<div class=\"faq__answer\">\n<p>O suporte \u00e9 feito de PVC preto.<\/p>\n<\/div>\n<\/div>\n[\/vc_column_text][\/toggle][toggle color=&#8221;Default&#8221; title=&#8221;Posso solicitar uma amostra de voc\u00ea?&#8221;][vc_column_text]\n<p class=\"p1\">Sim, envie-nos sua solicita\u00e7\u00e3o exata. Por exemplo, nosso n\u00famero de amostra, constru\u00e7\u00e3o, peso e imagem de seu projeto necess\u00e1rio, e n\u00f3s lhe enviaremos uma amostra de acordo com sua demanda.<\/p>\n[\/vc_column_text][\/toggle][toggle color=&#8221;Default&#8221; title=&#8221;Quais s\u00e3o as dimens\u00f5es dos rolos e dos diferentes ladrilhos?&#8221;][vc_column_text]\n<p class=\"p1\">A largura do rolo \u00e9 de 2,0 metros e o comprimento padr\u00e3o \u00e9 de 20,0-25,0 metros. O ladrilho padr\u00e3o \u00e9 50 x 50 cm.<\/p>\n[\/vc_column_text][\/toggle][toggle color=&#8221;Default&#8221; title=&#8221;\u00c9 f\u00e1cil limpar e instalar o piso?&#8221;][vc_column_text]\n<p class=\"p1\">Sim, claro. \u00c9 muito f\u00e1cil de limpar com esfregona ou aspirador de p\u00f3.<\/p>\n[\/vc_column_text][\/toggle][\/toggles][toggles style=&#8221;minimal&#8221;][toggle color=&#8221;Default&#8221; title=&#8221;How many backings do you offer?&#8221;][vc_column_text]\n<div class=\"faq expanded\">\n<div class=\"faq__answer\">\n<p>We offer 2 different backings: black pvc backing (.115-.146\u201d thickness) and non woven backing (.150-.223\u201d thickness).<\/p>\n<\/div>\n<\/div>\n<div class=\"faq\">\n<div class=\"faq__question\"><\/div>\n<\/div>\n[\/vc_column_text][\/toggle][\/toggles][\/vc_column][\/vc_row]\n","protected":false},"excerpt":{"rendered":"<p>[vc_row type=&#8221;full_width_background&#8221; full_screen_row_position=&#8221;middle&#8221; column_margin=&#8221;default&#8221; column_direction=&#8221;default&#8221; column_direction_tablet=&#8221;default&#8221; column_direction_phone=&#8221;default&#8221; bg_color=&#8221;#f7f7f7&#8243; scene_position=&#8221;center&#8221; top_padding=&#8221;100&#8243; bottom_padding=&#8221;100&#8243; text_color=&#8221;dark&#8221; text_align=&#8221;left&#8221; row_border_radius=&#8221;none&#8221; row_border_radius_applies=&#8221;bg&#8221; overlay_strength=&#8221;0.3&#8243; gradient_direction=&#8221;left_to_right&#8221; shape_divider_position=&#8221;bottom&#8221; bg_image_animation=&#8221;none&#8221;][vc_column column_padding=&#8221;no-extra-padding&#8221; column_padding_tablet=&#8221;inherit&#8221; column_padding_phone=&#8221;inherit&#8221; column_padding_position=&#8221;all&#8221; background_color_opacity=&#8221;1&#8243; background_hover_color_opacity=&#8221;1&#8243; column_shadow=&#8221;none&#8221; column_border_radius=&#8221;none&#8221; column_link_target=&#8221;_self&#8221; gradient_direction=&#8221;left_to_right&#8221; overlay_strength=&#8221;0.3&#8243;&#8230;<\/p>\n","protected":false},"author":1,"featured_media":0,"parent":0,"menu_order":0,"comment_status":"closed","ping_status":"closed","template":"","meta":{"footnotes":""},"class_list":["post-1964","page","type-page","status-publish"],"yoast_head":"<!-- This site is optimized with the Yoast SEO Premium plugin v27.4 (Yoast SEO v27.4) - https:\/\/yoast.com\/product\/yoast-seo-premium-wordpress\/ -->\n<title>FAQ &#8211; SUMBRA<\/title>\n<meta name=\"robots\" content=\"index, follow, max-snippet:-1, max-image-preview:large, max-video-preview:-1\" \/>\n<link rel=\"canonical\" href=\"https:\/\/theflooring.pro\/pt-pt\/faq\/\" \/>\n<meta property=\"og:locale\" content=\"pt_PT\" \/>\n<meta property=\"og:type\" content=\"article\" \/>\n<meta property=\"og:title\" content=\"FAQ\" \/>\n<meta property=\"og:description\" content=\"[vc_row type=&#8221;full_width_background&#8221; full_screen_row_position=&#8221;middle&#8221; column_margin=&#8221;default&#8221; column_direction=&#8221;default&#8221; column_direction_tablet=&#8221;default&#8221; column_direction_phone=&#8221;default&#8221; bg_color=&#8221;#f7f7f7&#8243; scene_position=&#8221;center&#8221; top_padding=&#8221;100&#8243; bottom_padding=&#8221;100&#8243; text_color=&#8221;dark&#8221; text_align=&#8221;left&#8221; row_border_radius=&#8221;none&#8221; row_border_radius_applies=&#8221;bg&#8221; overlay_strength=&#8221;0.3&#8243; gradient_direction=&#8221;left_to_right&#8221; shape_divider_position=&#8221;bottom&#8221; bg_image_animation=&#8221;none&#8221;][vc_column column_padding=&#8221;no-extra-padding&#8221; column_padding_tablet=&#8221;inherit&#8221; column_padding_phone=&#8221;inherit&#8221; column_padding_position=&#8221;all&#8221; background_color_opacity=&#8221;1&#8243; background_hover_color_opacity=&#8221;1&#8243; column_shadow=&#8221;none&#8221; column_border_radius=&#8221;none&#8221; column_link_target=&#8221;_self&#8221; gradient_direction=&#8221;left_to_right&#8221; overlay_strength=&#8221;0.3&#8243;...\" \/>\n<meta property=\"og:url\" content=\"https:\/\/theflooring.pro\/pt-pt\/faq\/\" \/>\n<meta property=\"og:site_name\" content=\"SUMBRA\" \/>\n<meta property=\"article:modified_time\" content=\"2020-10-31T03:06:17+00:00\" \/>\n<meta name=\"twitter:card\" content=\"summary_large_image\" \/>\n<meta name=\"twitter:label1\" content=\"Tempo estimado de leitura\" \/>\n\t<meta name=\"twitter:data1\" content=\"2 minutos\" \/>\n<script type=\"application\/ld+json\" class=\"yoast-schema-graph\">{\"@context\":\"https:\\\/\\\/schema.org\",\"@graph\":[{\"@type\":\"WebPage\",\"@id\":\"https:\\\/\\\/theflooring.pro\\\/pt-pt\\\/faq\\\/\",\"url\":\"https:\\\/\\\/theflooring.pro\\\/pt-pt\\\/faq\\\/\",\"name\":\"FAQ &#8211; SUMBRA\",\"isPartOf\":{\"@id\":\"https:\\\/\\\/theflooring.pro\\\/#website\"},\"datePublished\":\"2020-08-16T23:11:30+00:00\",\"dateModified\":\"2020-10-31T03:06:17+00:00\",\"breadcrumb\":{\"@id\":\"https:\\\/\\\/theflooring.pro\\\/pt-pt\\\/faq\\\/#breadcrumb\"},\"inLanguage\":\"pt-PT\",\"potentialAction\":[{\"@type\":\"ReadAction\",\"target\":[\"https:\\\/\\\/theflooring.pro\\\/pt-pt\\\/faq\\\/\"]}]},{\"@type\":\"BreadcrumbList\",\"@id\":\"https:\\\/\\\/theflooring.pro\\\/pt-pt\\\/faq\\\/#breadcrumb\",\"itemListElement\":[{\"@type\":\"ListItem\",\"position\":1,\"name\":\"Home\",\"item\":\"https:\\\/\\\/theflooring.pro\\\/pt-pt\\\/\"},{\"@type\":\"ListItem\",\"position\":2,\"name\":\"FAQ\"}]},{\"@type\":\"WebSite\",\"@id\":\"https:\\\/\\\/theflooring.pro\\\/#website\",\"url\":\"https:\\\/\\\/theflooring.pro\\\/\",\"name\":\"SUMBRA\",\"description\":\"Premium Woven Vinyl Flooring China Manufacturers\",\"potentialAction\":[{\"@type\":\"SearchAction\",\"target\":{\"@type\":\"EntryPoint\",\"urlTemplate\":\"https:\\\/\\\/theflooring.pro\\\/?s={search_term_string}\"},\"query-input\":{\"@type\":\"PropertyValueSpecification\",\"valueRequired\":true,\"valueName\":\"search_term_string\"}}],\"inLanguage\":\"pt-PT\"}]}<\/script>\n<!-- \/ Yoast SEO Premium plugin. -->","yoast_head_json":{"title":"FAQ &#8211; SUMBRA","robots":{"index":"index","follow":"follow","max-snippet":"max-snippet:-1","max-image-preview":"max-image-preview:large","max-video-preview":"max-video-preview:-1"},"canonical":"https:\/\/theflooring.pro\/pt-pt\/faq\/","og_locale":"pt_PT","og_type":"article","og_title":"FAQ","og_description":"[vc_row type=&#8221;full_width_background&#8221; full_screen_row_position=&#8221;middle&#8221; column_margin=&#8221;default&#8221; column_direction=&#8221;default&#8221; column_direction_tablet=&#8221;default&#8221; column_direction_phone=&#8221;default&#8221; bg_color=&#8221;#f7f7f7&#8243; scene_position=&#8221;center&#8221; top_padding=&#8221;100&#8243; bottom_padding=&#8221;100&#8243; text_color=&#8221;dark&#8221; text_align=&#8221;left&#8221; row_border_radius=&#8221;none&#8221; row_border_radius_applies=&#8221;bg&#8221; overlay_strength=&#8221;0.3&#8243; gradient_direction=&#8221;left_to_right&#8221; shape_divider_position=&#8221;bottom&#8221; bg_image_animation=&#8221;none&#8221;][vc_column column_padding=&#8221;no-extra-padding&#8221; column_padding_tablet=&#8221;inherit&#8221; column_padding_phone=&#8221;inherit&#8221; column_padding_position=&#8221;all&#8221; background_color_opacity=&#8221;1&#8243; background_hover_color_opacity=&#8221;1&#8243; column_shadow=&#8221;none&#8221; column_border_radius=&#8221;none&#8221; column_link_target=&#8221;_self&#8221; gradient_direction=&#8221;left_to_right&#8221; overlay_strength=&#8221;0.3&#8243;...","og_url":"https:\/\/theflooring.pro\/pt-pt\/faq\/","og_site_name":"SUMBRA","article_modified_time":"2020-10-31T03:06:17+00:00","twitter_card":"summary_large_image","twitter_misc":{"Tempo estimado de leitura":"2 minutos"},"schema":{"@context":"https:\/\/schema.org","@graph":[{"@type":"WebPage","@id":"https:\/\/theflooring.pro\/pt-pt\/faq\/","url":"https:\/\/theflooring.pro\/pt-pt\/faq\/","name":"FAQ &#8211; SUMBRA","isPartOf":{"@id":"https:\/\/theflooring.pro\/#website"},"datePublished":"2020-08-16T23:11:30+00:00","dateModified":"2020-10-31T03:06:17+00:00","breadcrumb":{"@id":"https:\/\/theflooring.pro\/pt-pt\/faq\/#breadcrumb"},"inLanguage":"pt-PT","potentialAction":[{"@type":"ReadAction","target":["https:\/\/theflooring.pro\/pt-pt\/faq\/"]}]},{"@type":"BreadcrumbList","@id":"https:\/\/theflooring.pro\/pt-pt\/faq\/#breadcrumb","itemListElement":[{"@type":"ListItem","position":1,"name":"Home","item":"https:\/\/theflooring.pro\/pt-pt\/"},{"@type":"ListItem","position":2,"name":"FAQ"}]},{"@type":"WebSite","@id":"https:\/\/theflooring.pro\/#website","url":"https:\/\/theflooring.pro\/","name":"SUMBRA","description":"Premium Woven Vinyl Flooring China Manufacturers","potentialAction":[{"@type":"SearchAction","target":{"@type":"EntryPoint","urlTemplate":"https:\/\/theflooring.pro\/?s={search_term_string}"},"query-input":{"@type":"PropertyValueSpecification","valueRequired":true,"valueName":"search_term_string"}}],"inLanguage":"pt-PT"}]}},"_links":{"self":[{"href":"https:\/\/theflooring.pro\/pt-pt\/wp-json\/wp\/v2\/pages\/1964","targetHints":{"allow":["GET"]}}],"collection":[{"href":"https:\/\/theflooring.pro\/pt-pt\/wp-json\/wp\/v2\/pages"}],"about":[{"href":"https:\/\/theflooring.pro\/pt-pt\/wp-json\/wp\/v2\/types\/page"}],"author":[{"embeddable":true,"href":"https:\/\/theflooring.pro\/pt-pt\/wp-json\/wp\/v2\/users\/1"}],"replies":[{"embeddable":true,"href":"https:\/\/theflooring.pro\/pt-pt\/wp-json\/wp\/v2\/comments?post=1964"}],"version-history":[{"count":0,"href":"https:\/\/theflooring.pro\/pt-pt\/wp-json\/wp\/v2\/pages\/1964\/revisions"}],"wp:attachment":[{"href":"https:\/\/theflooring.pro\/pt-pt\/wp-json\/wp\/v2\/media?parent=1964"}],"curies":[{"name":"wp","href":"https:\/\/api.w.org\/{rel}","templated":true}]}}