{"id":1954,"date":"2020-08-16T23:08:55","date_gmt":"2020-08-16T23:08:55","guid":{"rendered":"https:\/\/theflooring.pro\/contact\/"},"modified":"2022-07-22T21:51:18","modified_gmt":"2022-07-22T21:51:18","slug":"contate-nos","status":"publish","type":"page","link":"https:\/\/theflooring.pro\/pt-pt\/contate-nos\/","title":{"rendered":"CONTATE-NOS"},"content":{"rendered":"[vc_row type=&#8221;in_container&#8221; full_screen_row_position=&#8221;middle&#8221; column_margin=&#8221;default&#8221; column_direction=&#8221;default&#8221; column_direction_tablet=&#8221;default&#8221; column_direction_phone=&#8221;default&#8221; scene_position=&#8221;center&#8221; text_color=&#8221;dark&#8221; text_align=&#8221;left&#8221; row_border_radius=&#8221;none&#8221; row_border_radius_applies=&#8221;bg&#8221; overlay_strength=&#8221;0.3&#8243; gradient_direction=&#8221;left_to_right&#8221; shape_divider_position=&#8221;bottom&#8221; bg_image_animation=&#8221;none&#8221;][vc_column column_padding=&#8221;no-extra-padding&#8221; column_padding_tablet=&#8221;inherit&#8221; column_padding_phone=&#8221;inherit&#8221; column_padding_position=&#8221;all&#8221; background_color_opacity=&#8221;1&#8243; background_hover_color_opacity=&#8221;1&#8243; column_shadow=&#8221;none&#8221; column_border_radius=&#8221;none&#8221; column_link_target=&#8221;_self&#8221; gradient_direction=&#8221;left_to_right&#8221; overlay_strength=&#8221;0.3&#8243; width=&#8221;1\/1&#8243; tablet_width_inherit=&#8221;default&#8221; tablet_text_alignment=&#8221;default&#8221; phone_text_alignment=&#8221;default&#8221; column_border_width=&#8221;none&#8221; column_border_style=&#8221;solid&#8221; bg_image_animation=&#8221;none&#8221;][divider line_type=&#8221;No Line&#8221;][\/vc_column][\/vc_row][vc_row type=&#8221;in_container&#8221; full_screen_row_position=&#8221;middle&#8221; column_margin=&#8221;default&#8221; column_direction=&#8221;default&#8221; column_direction_tablet=&#8221;default&#8221; column_direction_phone=&#8221;default&#8221; scene_position=&#8221;center&#8221; text_color=&#8221;dark&#8221; text_align=&#8221;left&#8221; row_border_radius=&#8221;none&#8221; row_border_radius_applies=&#8221;bg&#8221; overlay_strength=&#8221;0.3&#8243; gradient_direction=&#8221;left_to_right&#8221; shape_divider_position=&#8221;bottom&#8221; bg_image_animation=&#8221;none&#8221;][vc_column column_padding=&#8221;no-extra-padding&#8221; column_padding_tablet=&#8221;inherit&#8221; column_padding_phone=&#8221;inherit&#8221; column_padding_position=&#8221;all&#8221; background_color_opacity=&#8221;1&#8243; background_hover_color_opacity=&#8221;1&#8243; column_shadow=&#8221;none&#8221; column_border_radius=&#8221;none&#8221; column_link_target=&#8221;_self&#8221; gradient_direction=&#8221;left_to_right&#8221; overlay_strength=&#8221;0.3&#8243; width=&#8221;1\/1&#8243; tablet_width_inherit=&#8221;default&#8221; tablet_text_alignment=&#8221;default&#8221; phone_text_alignment=&#8221;default&#8221; column_border_width=&#8221;none&#8221; column_border_style=&#8221;solid&#8221; bg_image_animation=&#8221;none&#8221;][vc_custom_heading text=&#8221;Entrar em Contato&#8221; font_container=&#8221;tag:h2|text_align:center|color:%23000000&#8243; use_theme_fonts=&#8221;yes&#8221;][\/vc_column][\/vc_row][vc_row type=&#8221;in_container&#8221; full_screen_row_position=&#8221;middle&#8221; column_margin=&#8221;default&#8221; column_direction=&#8221;default&#8221; column_direction_tablet=&#8221;default&#8221; column_direction_phone=&#8221;default&#8221; scene_position=&#8221;center&#8221; top_padding=&#8221;5&#8243; bottom_padding=&#8221;5&#8243; text_color=&#8221;dark&#8221; text_align=&#8221;center&#8221; row_border_radius=&#8221;none&#8221; row_border_radius_applies=&#8221;bg&#8221; overlay_strength=&#8221;0.3&#8243; gradient_direction=&#8221;left_to_right&#8221; shape_divider_position=&#8221;bottom&#8221; bg_image_animation=&#8221;none&#8221; shape_type=&#8221;&#8221;][vc_column column_padding=&#8221;no-extra-padding&#8221; column_padding_tablet=&#8221;inherit&#8221; column_padding_phone=&#8221;inherit&#8221; column_padding_position=&#8221;all&#8221; background_color_opacity=&#8221;1&#8243; background_hover_color_opacity=&#8221;1&#8243; column_shadow=&#8221;none&#8221; column_border_radius=&#8221;none&#8221; column_link_target=&#8221;_self&#8221; gradient_direction=&#8221;left_to_right&#8221; overlay_strength=&#8221;0.3&#8243; width=&#8221;1\/1&#8243; tablet_width_inherit=&#8221;default&#8221; tablet_text_alignment=&#8221;default&#8221; phone_text_alignment=&#8221;default&#8221; column_border_width=&#8221;none&#8221; column_border_style=&#8221;solid&#8221; bg_image_animation=&#8221;none&#8221;][vc_column_text max_width=&#8221;720&#8243;]\n<h4 style=\"text-align: left;\">Estamos aqui para apoi\u00e1-lo. Nossa equipe est\u00e1 dispon\u00edvel para responder a qualquer d\u00favida que voc\u00ea possa ter sobre produtos e op\u00e7\u00f5es para pisos, para ajud\u00e1-lo a dar vida ao seu conceito e criar o layout que voc\u00ea imaginou.<\/h4>\n[\/vc_column_text][\/vc_column][\/vc_row][vc_row type=&#8221;in_container&#8221; full_screen_row_position=&#8221;middle&#8221; column_margin=&#8221;default&#8221; column_direction=&#8221;default&#8221; column_direction_tablet=&#8221;default&#8221; column_direction_phone=&#8221;default&#8221; scene_position=&#8221;center&#8221; text_color=&#8221;dark&#8221; text_align=&#8221;left&#8221; row_border_radius=&#8221;none&#8221; row_border_radius_applies=&#8221;bg&#8221; overlay_strength=&#8221;0.3&#8243; gradient_direction=&#8221;left_to_right&#8221; shape_divider_position=&#8221;bottom&#8221; bg_image_animation=&#8221;none&#8221;][vc_column column_padding=&#8221;no-extra-padding&#8221; column_padding_tablet=&#8221;inherit&#8221; column_padding_phone=&#8221;inherit&#8221; column_padding_position=&#8221;all&#8221; background_color_opacity=&#8221;1&#8243; background_hover_color_opacity=&#8221;1&#8243; column_shadow=&#8221;none&#8221; column_border_radius=&#8221;none&#8221; column_link_target=&#8221;_self&#8221; gradient_direction=&#8221;left_to_right&#8221; overlay_strength=&#8221;0.3&#8243; width=&#8221;1\/1&#8243; tablet_width_inherit=&#8221;default&#8221; tablet_text_alignment=&#8221;default&#8221; phone_text_alignment=&#8221;default&#8221; column_border_width=&#8221;none&#8221; column_border_style=&#8221;solid&#8221; bg_image_animation=&#8221;none&#8221;][divider line_type=&#8221;No Line&#8221;][\/vc_column][\/vc_row][vc_row type=&#8221;full_width_content&#8221; full_screen_row_position=&#8221;middle&#8221; column_margin=&#8221;default&#8221; equal_height=&#8221;yes&#8221; column_direction=&#8221;default&#8221; column_direction_tablet=&#8221;default&#8221; column_direction_phone=&#8221;default&#8221; full_height=&#8221;yes&#8221; scene_position=&#8221;center&#8221; text_color=&#8221;light&#8221; text_align=&#8221;left&#8221; row_border_radius=&#8221;none&#8221; row_border_radius_applies=&#8221;bg&#8221; overlay_strength=&#8221;0.3&#8243; gradient_direction=&#8221;left_to_right&#8221; shape_divider_position=&#8221;bottom&#8221; bg_image_animation=&#8221;none&#8221; shape_type=&#8221;&#8221;][vc_column column_padding=&#8221;no-extra-padding&#8221; column_padding_tablet=&#8221;inherit&#8221; column_padding_phone=&#8221;inherit&#8221; column_padding_position=&#8221;all&#8221; background_color_opacity=&#8221;1&#8243; background_hover_color_opacity=&#8221;1&#8243; column_shadow=&#8221;none&#8221; column_border_radius=&#8221;none&#8221; column_link_target=&#8221;_self&#8221; gradient_direction=&#8221;left_to_right&#8221; overlay_strength=&#8221;0.3&#8243; width=&#8221;1\/2&#8243; tablet_width_inherit=&#8221;default&#8221; tablet_text_alignment=&#8221;default&#8221; phone_text_alignment=&#8221;default&#8221; column_border_width=&#8221;none&#8221; column_border_style=&#8221;solid&#8221; bg_image_animation=&#8221;none&#8221; enable_animation=&#8221;true&#8221; animation=&#8221;grow-in&#8221; delay=&#8221;200&#8243;][nectar_gmap map_type=&#8221;leaflet&#8221; zoom=&#8221;8&#8243; marker_style=&#8221;nectar&#8221; color=&#8221;extra-color-1&#8243; size=&#8221;650&#8243; map_center_lat=&#8221;30.575547&#8243; map_center_lng=&#8221;119.540362&#8243; map_markers=&#8221;30.575547|119.540362|Anji Yike Huzhou<br \/>\n30.283559|120.008350|Anji Yike Hangzhou&#8221;][\/vc_column][vc_column column_padding=&#8221;padding-2-percent&#8221; column_padding_tablet=&#8221;inherit&#8221; column_padding_phone=&#8221;inherit&#8221; column_padding_position=&#8221;all&#8221; background_color=&#8221;#2ac4ea&#8221; background_color_opacity=&#8221;1&#8243; background_hover_color_opacity=&#8221;1&#8243; background_image=&#8221;123&#8243; background_image_position=&#8221;center center&#8221; enable_bg_scale=&#8221;true&#8221; font_color=&#8221;#000000&#8243; column_shadow=&#8221;none&#8221; column_border_radius=&#8221;none&#8221; column_link_target=&#8221;_self&#8221; gradient_direction=&#8221;left_to_right&#8221; overlay_strength=&#8221;0.3&#8243; width=&#8221;1\/2&#8243; tablet_width_inherit=&#8221;default&#8221; tablet_text_alignment=&#8221;default&#8221; phone_text_alignment=&#8221;default&#8221; column_border_width=&#8221;none&#8221; column_border_style=&#8221;solid&#8221; bg_image_animation=&#8221;none&#8221; enable_animation=&#8221;true&#8221; animation=&#8221;grow-in&#8221; delay=&#8221;300&#8243;]<div class=\"wpforms-container wpforms-container-full\" id=\"wpforms-3979\"><form id=\"wpforms-form-3979\" class=\"wpforms-validate wpforms-form\" data-formid=\"3979\" method=\"post\" enctype=\"multipart\/form-data\" action=\"\/pt-pt\/wp-json\/wp\/v2\/pages\/1954\" data-token=\"2cbd9f08a8b036c1276b3f2c40d8d46e\" data-token-time=\"1775285954\"><noscript class=\"wpforms-error-noscript\">Please enable JavaScript in your browser to complete this form.<\/noscript><div class=\"wpforms-field-container\"><div id=\"wpforms-3979-field_1-container\" class=\"wpforms-field wpforms-field-name wpforms-one-half wpforms-first\" data-field-id=\"1\"><label class=\"wpforms-field-label\" for=\"wpforms-3979-field_1\">Your Name <span class=\"wpforms-required-label\">*<\/span><\/label><input type=\"text\" id=\"wpforms-3979-field_1\" class=\"wpforms-field-large wpforms-field-required\" name=\"wpforms[fields][1]\" required><\/div><div id=\"wpforms-3979-field_3-container\" class=\"wpforms-field wpforms-field-email wpforms-one-half\" data-field-id=\"3\"><label class=\"wpforms-field-label\" for=\"wpforms-3979-field_3\">Email <span class=\"wpforms-required-label\">*<\/span><\/label><input type=\"email\" id=\"wpforms-3979-field_3\" class=\"wpforms-field-large wpforms-field-required\" name=\"wpforms[fields][3]\" spellcheck=\"false\" required><\/div><div id=\"wpforms-3979-field_17-container\" class=\"wpforms-field wpforms-field-text wpforms-one-half wpforms-first\" data-field-id=\"17\"><label class=\"wpforms-field-label\" for=\"wpforms-3979-field_17\">Company<\/label><input type=\"text\" id=\"wpforms-3979-field_17\" class=\"wpforms-field-large\" name=\"wpforms[fields][17]\" ><\/div><div id=\"wpforms-3979-field_19-container\" class=\"wpforms-field wpforms-field-phone wpforms-one-half\" data-field-id=\"19\"><label class=\"wpforms-field-label\" for=\"wpforms-3979-field_19\">Phone<\/label><input type=\"tel\" id=\"wpforms-3979-field_19\" class=\"wpforms-field-large wpforms-smart-phone-field\" data-rule-smart-phone-field=\"true\" name=\"wpforms[fields][19]\" aria-label=\"Phone\" ><\/div><div id=\"wpforms-3979-field_16-container\" class=\"wpforms-field wpforms-field-text\" data-field-id=\"16\"><label class=\"wpforms-field-label\" for=\"wpforms-3979-field_16\">Subject <span class=\"wpforms-required-label\">*<\/span><\/label><input type=\"text\" id=\"wpforms-3979-field_16\" class=\"wpforms-field-large wpforms-field-required\" name=\"wpforms[fields][16]\" required><\/div><div id=\"wpforms-3979-field_10-container\" class=\"wpforms-field wpforms-field-textarea\" data-field-id=\"10\"><label class=\"wpforms-field-label\" for=\"wpforms-3979-field_10\">Message <span class=\"wpforms-required-label\">*<\/span><\/label><textarea id=\"wpforms-3979-field_10\" class=\"wpforms-field-medium wpforms-field-required\" name=\"wpforms[fields][10]\" required><\/textarea><\/div><\/div><!-- .wpforms-field-container --><div class=\"wpforms-recaptcha-container wpforms-is-hcaptcha\" ><div class=\"h-captcha\" data-sitekey=\"5cbe4cd8-fa36-46b2-9b06-afb976ba6f54\"><\/div><input type=\"text\" name=\"g-recaptcha-hidden\" class=\"wpforms-recaptcha-hidden\" style=\"position:absolute!important;clip:rect(0,0,0,0)!important;height:1px!important;width:1px!important;border:0!important;overflow:hidden!important;padding:0!important;margin:0!important;\" data-rule-hcaptcha=\"1\"><\/div><div class=\"wpforms-submit-container\" ><input type=\"hidden\" name=\"wpforms[id]\" value=\"3979\"><input type=\"hidden\" name=\"page_title\" value=\"\"><input type=\"hidden\" name=\"page_url\" value=\"https:\/\/theflooring.pro\/pt-pt\/wp-json\/wp\/v2\/pages\/1954\"><input type=\"hidden\" name=\"url_referer\" value=\"\"><button type=\"submit\" name=\"wpforms[submit]\" id=\"wpforms-submit-3979\" class=\"wpforms-submit\" data-alt-text=\"Sending...\" data-submit-text=\"Submit\" aria-live=\"assertive\" value=\"wpforms-submit\">Submit<\/button><\/div><\/form><\/div>  <!-- .wpforms-container -->[\/vc_column][\/vc_row][vc_row type=&#8221;in_container&#8221; full_screen_row_position=&#8221;middle&#8221; column_margin=&#8221;default&#8221; column_direction=&#8221;default&#8221; column_direction_tablet=&#8221;default&#8221; column_direction_phone=&#8221;default&#8221; scene_position=&#8221;center&#8221; text_color=&#8221;dark&#8221; text_align=&#8221;center&#8221; row_border_radius=&#8221;none&#8221; row_border_radius_applies=&#8221;bg&#8221; overlay_strength=&#8221;0.3&#8243; gradient_direction=&#8221;left_to_right&#8221; shape_divider_position=&#8221;bottom&#8221; bg_image_animation=&#8221;none&#8221; shape_type=&#8221;&#8221;][vc_column column_padding=&#8221;no-extra-padding&#8221; column_padding_tablet=&#8221;inherit&#8221; column_padding_phone=&#8221;inherit&#8221; column_padding_position=&#8221;all&#8221; background_color_opacity=&#8221;1&#8243; background_hover_color_opacity=&#8221;1&#8243; column_shadow=&#8221;none&#8221; column_border_radius=&#8221;none&#8221; column_link_target=&#8221;_self&#8221; gradient_direction=&#8221;left_to_right&#8221; overlay_strength=&#8221;0.3&#8243; width=&#8221;1\/1&#8243; tablet_width_inherit=&#8221;default&#8221; tablet_text_alignment=&#8221;default&#8221; phone_text_alignment=&#8221;default&#8221; column_border_width=&#8221;none&#8221; column_border_style=&#8221;solid&#8221; bg_image_animation=&#8221;none&#8221;][divider line_type=&#8221;No Line&#8221;][divider line_type=&#8221;No Line&#8221;][vc_column_text max_width=&#8221;720&#8243;]\n<h4 style=\"text-align: left;\"><em>Por favor, as informa\u00e7\u00f5es que aparecem a seguir s\u00e3o importantes em rela\u00e7\u00e3o ao tratamento dos seus dados pessoais. Leia atentamente:<\/em><\/h4>\n[\/vc_column_text][divider line_type=&#8221;No Line&#8221;][\/vc_column][\/vc_row][vc_row type=&#8221;full_width_content&#8221; full_screen_row_position=&#8221;middle&#8221; column_margin=&#8221;default&#8221; column_direction=&#8221;default&#8221; column_direction_tablet=&#8221;default&#8221; column_direction_phone=&#8221;default&#8221; scene_position=&#8221;center&#8221; text_color=&#8221;dark&#8221; text_align=&#8221;center&#8221; row_border_radius=&#8221;none&#8221; row_border_radius_applies=&#8221;bg&#8221; overlay_strength=&#8221;0.3&#8243; gradient_direction=&#8221;left_to_right&#8221; shape_divider_position=&#8221;bottom&#8221; bg_image_animation=&#8221;none&#8221; shape_type=&#8221;&#8221;][vc_column column_padding=&#8221;no-extra-padding&#8221; column_padding_tablet=&#8221;inherit&#8221; column_padding_phone=&#8221;inherit&#8221; column_padding_position=&#8221;all&#8221; background_color_opacity=&#8221;1&#8243; background_hover_color_opacity=&#8221;1&#8243; column_shadow=&#8221;none&#8221; column_border_radius=&#8221;none&#8221; column_link_target=&#8221;_self&#8221; gradient_direction=&#8221;left_to_right&#8221; overlay_strength=&#8221;0.3&#8243; width=&#8221;1\/1&#8243; tablet_width_inherit=&#8221;default&#8221; tablet_text_alignment=&#8221;default&#8221; phone_text_alignment=&#8221;default&#8221; column_border_width=&#8221;none&#8221; column_border_style=&#8221;solid&#8221; bg_image_animation=&#8221;none&#8221;][vc_column_text max_width=&#8221;720&#8243;]\n<table>\n<tbody>\n<tr>\n<td colspan=\"2\"><b> Informa\u00e7\u00f5es b\u00e1sicas sobre prote\u00e7\u00e3o de dados <\/b><\/td>\n<\/tr>\n<tr>\n<td><b>Respons\u00e1vel<\/b><\/td>\n<td><span style=\"font-weight: 400;\"> ECO BEAUTY\u00ae P.R. CHINA <\/span><\/td>\n<\/tr>\n<tr>\n<td><b>Purpose<\/b><\/td>\n<td><span style=\"font-weight: 400;\"> Os dados solicitados s\u00e3o estritamente necess\u00e1rios para a correta identifica\u00e7\u00e3o do remetente, bem como para realizar tarefas b\u00e1sicas de administra\u00e7\u00e3o e presta\u00e7\u00e3o de servi\u00e7os ECO BEAUTY\u00ae. No caso de ter dado consentimento para a recep\u00e7\u00e3o de comunica\u00e7\u00f5es comerciais, a finalidade \u00e9 gerir o envio de informa\u00e7\u00f5es e a prospec\u00e7\u00e3o comercial. <\/span><\/td>\n<\/tr>\n<tr>\n<td><b>Legitima\u00e7\u00e3o<\/b><\/td>\n<td><span style=\"font-weight: 400;\"> Acordo da parte interessada <\/span><\/td>\n<\/tr>\n<tr>\n<td><b>Recipientes<\/b><\/td>\n<td><span style=\"font-weight: 400;\"> Os dados fornecidos n\u00e3o ser\u00e3o transferidos a terceiros, exceto por obriga\u00e7\u00e3o legal. <\/span><\/td>\n<\/tr>\n<tr>\n<td><b>Rights<\/b><\/td>\n<td><span style=\"font-weight: 400;\"> Acesse, retifique, exclua dados, bem como outros direitos, conforme explicado nas informa\u00e7\u00f5es adicionais. <\/span><\/td>\n<\/tr>\n<tr>\n<td><b> Informa\u00e7\u00f5es adicionais <\/b><\/td>\n<td><span style=\"font-weight: 400;\"> Por favor, verifique as informa\u00e7\u00f5es adicionais e detalhadas sobre prote\u00e7\u00e3o de dados em nosso site <\/span> <a href=\"https:\/\/theflooring.pro\/privacy\"> <span style=\"font-weight: 400;\"> https:\/\/theflooring.pro\/privacy <\/span> <\/a><\/td>\n<\/tr>\n<\/tbody>\n<\/table>\n[\/vc_column_text][\/vc_column][\/vc_row][vc_row type=&#8221;in_container&#8221; full_screen_row_position=&#8221;middle&#8221; column_margin=&#8221;default&#8221; column_direction=&#8221;default&#8221; column_direction_tablet=&#8221;default&#8221; column_direction_phone=&#8221;default&#8221; scene_position=&#8221;center&#8221; text_color=&#8221;dark&#8221; text_align=&#8221;left&#8221; row_border_radius=&#8221;none&#8221; row_border_radius_applies=&#8221;bg&#8221; overlay_strength=&#8221;0.3&#8243; gradient_direction=&#8221;left_to_right&#8221; shape_divider_position=&#8221;bottom&#8221; bg_image_animation=&#8221;none&#8221;][vc_column column_padding=&#8221;no-extra-padding&#8221; column_padding_tablet=&#8221;inherit&#8221; column_padding_phone=&#8221;inherit&#8221; column_padding_position=&#8221;all&#8221; background_color_opacity=&#8221;1&#8243; background_hover_color_opacity=&#8221;1&#8243; column_shadow=&#8221;none&#8221; column_border_radius=&#8221;none&#8221; column_link_target=&#8221;_self&#8221; gradient_direction=&#8221;left_to_right&#8221; overlay_strength=&#8221;0.3&#8243; width=&#8221;1\/1&#8243; tablet_width_inherit=&#8221;default&#8221; tablet_text_alignment=&#8221;default&#8221; phone_text_alignment=&#8221;default&#8221; column_border_width=&#8221;none&#8221; column_border_style=&#8221;solid&#8221; bg_image_animation=&#8221;none&#8221;][divider line_type=&#8221;No Line&#8221;][\/vc_column][\/vc_row]\n","protected":false},"excerpt":{"rendered":"<p>[vc_row type=&#8221;in_container&#8221; full_screen_row_position=&#8221;middle&#8221; column_margin=&#8221;default&#8221; column_direction=&#8221;default&#8221; column_direction_tablet=&#8221;default&#8221; column_direction_phone=&#8221;default&#8221; scene_position=&#8221;center&#8221; text_color=&#8221;dark&#8221; text_align=&#8221;left&#8221; row_border_radius=&#8221;none&#8221; row_border_radius_applies=&#8221;bg&#8221; overlay_strength=&#8221;0.3&#8243; gradient_direction=&#8221;left_to_right&#8221; shape_divider_position=&#8221;bottom&#8221; bg_image_animation=&#8221;none&#8221;][vc_column column_padding=&#8221;no-extra-padding&#8221; column_padding_tablet=&#8221;inherit&#8221; column_padding_phone=&#8221;inherit&#8221; column_padding_position=&#8221;all&#8221; background_color_opacity=&#8221;1&#8243; background_hover_color_opacity=&#8221;1&#8243; column_shadow=&#8221;none&#8221; column_border_radius=&#8221;none&#8221; column_link_target=&#8221;_self&#8221; gradient_direction=&#8221;left_to_right&#8221; overlay_strength=&#8221;0.3&#8243; width=&#8221;1\/1&#8243; tablet_width_inherit=&#8221;default&#8221; tablet_text_alignment=&#8221;default&#8221;&#8230;<\/p>\n","protected":false},"author":1,"featured_media":0,"parent":0,"menu_order":0,"comment_status":"closed","ping_status":"closed","template":"","meta":{"footnotes":""},"class_list":["post-1954","page","type-page","status-publish"],"yoast_head":"<!-- This site is optimized with the Yoast SEO Premium plugin v24.9 (Yoast SEO v27.3) - https:\/\/yoast.com\/product\/yoast-seo-premium-wordpress\/ -->\n<title>CONTATE-NOS &#8211; SUMBRA<\/title>\n<meta name=\"description\" content=\"Entre em contato conosco para obter mais informa\u00e7\u00f5es, cota\u00e7\u00e3o e solicitar amostras de produtos de vinil tecido\" \/>\n<meta name=\"robots\" content=\"index, follow, max-snippet:-1, max-image-preview:large, max-video-preview:-1\" \/>\n<link rel=\"canonical\" href=\"https:\/\/theflooring.pro\/pt-pt\/contate-nos\/\" \/>\n<meta property=\"og:locale\" content=\"pt_PT\" \/>\n<meta property=\"og:type\" content=\"article\" \/>\n<meta property=\"og:title\" content=\"CONTATE-NOS\" \/>\n<meta property=\"og:description\" content=\"Entre em contato conosco para obter mais informa\u00e7\u00f5es, cota\u00e7\u00e3o e solicitar amostras de produtos de vinil tecido\" \/>\n<meta property=\"og:url\" content=\"https:\/\/theflooring.pro\/pt-pt\/contate-nos\/\" \/>\n<meta property=\"og:site_name\" content=\"SUMBRA\" \/>\n<meta property=\"article:modified_time\" content=\"2022-07-22T21:51:18+00:00\" \/>\n<meta name=\"twitter:card\" content=\"summary_large_image\" \/>\n<meta name=\"twitter:label1\" content=\"Tempo estimado de leitura\" \/>\n\t<meta name=\"twitter:data1\" content=\"3 minutos\" \/>\n<script type=\"application\/ld+json\" class=\"yoast-schema-graph\">{\"@context\":\"https:\\\/\\\/schema.org\",\"@graph\":[{\"@type\":\"WebPage\",\"@id\":\"https:\\\/\\\/theflooring.pro\\\/pt-pt\\\/contate-nos\\\/\",\"url\":\"https:\\\/\\\/theflooring.pro\\\/pt-pt\\\/contate-nos\\\/\",\"name\":\"CONTATE-NOS &#8211; SUMBRA\",\"isPartOf\":{\"@id\":\"https:\\\/\\\/theflooring.pro\\\/#website\"},\"datePublished\":\"2020-08-16T23:08:55+00:00\",\"dateModified\":\"2022-07-22T21:51:18+00:00\",\"description\":\"Entre em contato conosco para obter mais informa\u00e7\u00f5es, cota\u00e7\u00e3o e solicitar amostras de produtos de vinil tecido\",\"breadcrumb\":{\"@id\":\"https:\\\/\\\/theflooring.pro\\\/pt-pt\\\/contate-nos\\\/#breadcrumb\"},\"inLanguage\":\"pt-PT\",\"potentialAction\":[{\"@type\":\"ReadAction\",\"target\":[\"https:\\\/\\\/theflooring.pro\\\/pt-pt\\\/contate-nos\\\/\"]}]},{\"@type\":\"BreadcrumbList\",\"@id\":\"https:\\\/\\\/theflooring.pro\\\/pt-pt\\\/contate-nos\\\/#breadcrumb\",\"itemListElement\":[{\"@type\":\"ListItem\",\"position\":1,\"name\":\"Home\",\"item\":\"https:\\\/\\\/theflooring.pro\\\/pt-pt\\\/\"},{\"@type\":\"ListItem\",\"position\":2,\"name\":\"CONTATE-NOS\"}]},{\"@type\":\"WebSite\",\"@id\":\"https:\\\/\\\/theflooring.pro\\\/#website\",\"url\":\"https:\\\/\\\/theflooring.pro\\\/\",\"name\":\"SUMBRA\",\"description\":\"Premium Woven Vinyl Flooring China Manufacturers\",\"potentialAction\":[{\"@type\":\"SearchAction\",\"target\":{\"@type\":\"EntryPoint\",\"urlTemplate\":\"https:\\\/\\\/theflooring.pro\\\/?s={search_term_string}\"},\"query-input\":{\"@type\":\"PropertyValueSpecification\",\"valueRequired\":true,\"valueName\":\"search_term_string\"}}],\"inLanguage\":\"pt-PT\"}]}<\/script>\n<!-- \/ Yoast SEO Premium plugin. -->","yoast_head_json":{"title":"CONTATE-NOS &#8211; SUMBRA","description":"Entre em contato conosco para obter mais informa\u00e7\u00f5es, cota\u00e7\u00e3o e solicitar amostras de produtos de vinil tecido","robots":{"index":"index","follow":"follow","max-snippet":"max-snippet:-1","max-image-preview":"max-image-preview:large","max-video-preview":"max-video-preview:-1"},"canonical":"https:\/\/theflooring.pro\/pt-pt\/contate-nos\/","og_locale":"pt_PT","og_type":"article","og_title":"CONTATE-NOS","og_description":"Entre em contato conosco para obter mais informa\u00e7\u00f5es, cota\u00e7\u00e3o e solicitar amostras de produtos de vinil tecido","og_url":"https:\/\/theflooring.pro\/pt-pt\/contate-nos\/","og_site_name":"SUMBRA","article_modified_time":"2022-07-22T21:51:18+00:00","twitter_card":"summary_large_image","twitter_misc":{"Tempo estimado de leitura":"3 minutos"},"schema":{"@context":"https:\/\/schema.org","@graph":[{"@type":"WebPage","@id":"https:\/\/theflooring.pro\/pt-pt\/contate-nos\/","url":"https:\/\/theflooring.pro\/pt-pt\/contate-nos\/","name":"CONTATE-NOS &#8211; SUMBRA","isPartOf":{"@id":"https:\/\/theflooring.pro\/#website"},"datePublished":"2020-08-16T23:08:55+00:00","dateModified":"2022-07-22T21:51:18+00:00","description":"Entre em contato conosco para obter mais informa\u00e7\u00f5es, cota\u00e7\u00e3o e solicitar amostras de produtos de vinil tecido","breadcrumb":{"@id":"https:\/\/theflooring.pro\/pt-pt\/contate-nos\/#breadcrumb"},"inLanguage":"pt-PT","potentialAction":[{"@type":"ReadAction","target":["https:\/\/theflooring.pro\/pt-pt\/contate-nos\/"]}]},{"@type":"BreadcrumbList","@id":"https:\/\/theflooring.pro\/pt-pt\/contate-nos\/#breadcrumb","itemListElement":[{"@type":"ListItem","position":1,"name":"Home","item":"https:\/\/theflooring.pro\/pt-pt\/"},{"@type":"ListItem","position":2,"name":"CONTATE-NOS"}]},{"@type":"WebSite","@id":"https:\/\/theflooring.pro\/#website","url":"https:\/\/theflooring.pro\/","name":"SUMBRA","description":"Premium Woven Vinyl Flooring China Manufacturers","potentialAction":[{"@type":"SearchAction","target":{"@type":"EntryPoint","urlTemplate":"https:\/\/theflooring.pro\/?s={search_term_string}"},"query-input":{"@type":"PropertyValueSpecification","valueRequired":true,"valueName":"search_term_string"}}],"inLanguage":"pt-PT"}]}},"_links":{"self":[{"href":"https:\/\/theflooring.pro\/pt-pt\/wp-json\/wp\/v2\/pages\/1954","targetHints":{"allow":["GET"]}}],"collection":[{"href":"https:\/\/theflooring.pro\/pt-pt\/wp-json\/wp\/v2\/pages"}],"about":[{"href":"https:\/\/theflooring.pro\/pt-pt\/wp-json\/wp\/v2\/types\/page"}],"author":[{"embeddable":true,"href":"https:\/\/theflooring.pro\/pt-pt\/wp-json\/wp\/v2\/users\/1"}],"replies":[{"embeddable":true,"href":"https:\/\/theflooring.pro\/pt-pt\/wp-json\/wp\/v2\/comments?post=1954"}],"version-history":[{"count":0,"href":"https:\/\/theflooring.pro\/pt-pt\/wp-json\/wp\/v2\/pages\/1954\/revisions"}],"wp:attachment":[{"href":"https:\/\/theflooring.pro\/pt-pt\/wp-json\/wp\/v2\/media?parent=1954"}],"curies":[{"name":"wp","href":"https:\/\/api.w.org\/{rel}","templated":true}]}}