{"id":2302,"date":"2020-08-16T07:49:57","date_gmt":"2020-08-16T07:49:57","guid":{"rendered":"https:\/\/theflooring.pro\/collections\/"},"modified":"2021-08-15T04:51:20","modified_gmt":"2021-08-15T04:51:20","slug":"collections","status":"publish","type":"page","link":"https:\/\/theflooring.pro\/fr\/collections\/","title":{"rendered":"Collections"},"content":{"rendered":"","protected":false},"excerpt":{"rendered":"","protected":false},"author":1,"featured_media":0,"parent":0,"menu_order":0,"comment_status":"closed","ping_status":"closed","template":"","meta":{"footnotes":""},"class_list":["post-2302","page","type-page","status-publish"],"yoast_head":"<!-- This site is optimized with the Yoast SEO Premium plugin v24.9 (Yoast SEO v27.3) - https:\/\/yoast.com\/product\/yoast-seo-premium-wordpress\/ -->\n<title>Collections &#8211; SUMBRA<\/title>\n<meta name=\"description\" content=\"ECO Beauty\u00ae propose des rev\u00eatements de sol en vinyle tiss\u00e9 de qualit\u00e9 sup\u00e9rieure, des rev\u00eatements muraux de diff\u00e9rents styles, un contact pour des \u00e9chantillons gratuits.\" \/>\n<meta name=\"robots\" content=\"noindex, nofollow\" \/>\n<meta property=\"og:locale\" content=\"fr_FR\" \/>\n<meta property=\"og:type\" content=\"article\" \/>\n<meta property=\"og:title\" content=\"Collections\" \/>\n<meta property=\"og:description\" content=\"ECO Beauty\u00ae propose des rev\u00eatements de sol en vinyle tiss\u00e9 de qualit\u00e9 sup\u00e9rieure, des rev\u00eatements muraux de diff\u00e9rents styles, un contact pour des \u00e9chantillons gratuits.\" \/>\n<meta property=\"og:url\" content=\"https:\/\/theflooring.pro\/fr\/collections\/\" \/>\n<meta property=\"og:site_name\" content=\"SUMBRA\" \/>\n<meta property=\"article:modified_time\" content=\"2021-08-15T04:51:20+00:00\" \/>\n<meta name=\"twitter:card\" content=\"summary_large_image\" \/>\n<script type=\"application\/ld+json\" class=\"yoast-schema-graph\">{\"@context\":\"https:\\\/\\\/schema.org\",\"@graph\":[{\"@type\":\"WebPage\",\"@id\":\"https:\\\/\\\/theflooring.pro\\\/fr\\\/collections\\\/\",\"url\":\"https:\\\/\\\/theflooring.pro\\\/fr\\\/collections\\\/\",\"name\":\"Collections &#8211; SUMBRA\",\"isPartOf\":{\"@id\":\"https:\\\/\\\/theflooring.pro\\\/#website\"},\"datePublished\":\"2020-08-16T07:49:57+00:00\",\"dateModified\":\"2021-08-15T04:51:20+00:00\",\"description\":\"ECO Beauty\u00ae propose des rev\u00eatements de sol en vinyle tiss\u00e9 de qualit\u00e9 sup\u00e9rieure, des rev\u00eatements muraux de diff\u00e9rents styles, un contact pour des \u00e9chantillons gratuits.\",\"breadcrumb\":{\"@id\":\"https:\\\/\\\/theflooring.pro\\\/fr\\\/collections\\\/#breadcrumb\"},\"inLanguage\":\"fr-FR\",\"potentialAction\":[{\"@type\":\"ReadAction\",\"target\":[\"https:\\\/\\\/theflooring.pro\\\/fr\\\/collections\\\/\"]}]},{\"@type\":\"BreadcrumbList\",\"@id\":\"https:\\\/\\\/theflooring.pro\\\/fr\\\/collections\\\/#breadcrumb\",\"itemListElement\":[{\"@type\":\"ListItem\",\"position\":1,\"name\":\"Home\",\"item\":\"https:\\\/\\\/theflooring.pro\\\/fr\\\/\"},{\"@type\":\"ListItem\",\"position\":2,\"name\":\"Collections\"}]},{\"@type\":\"WebSite\",\"@id\":\"https:\\\/\\\/theflooring.pro\\\/#website\",\"url\":\"https:\\\/\\\/theflooring.pro\\\/\",\"name\":\"SUMBRA\",\"description\":\"Premium Woven Vinyl Flooring China Manufacturers\",\"potentialAction\":[{\"@type\":\"SearchAction\",\"target\":{\"@type\":\"EntryPoint\",\"urlTemplate\":\"https:\\\/\\\/theflooring.pro\\\/?s={search_term_string}\"},\"query-input\":{\"@type\":\"PropertyValueSpecification\",\"valueRequired\":true,\"valueName\":\"search_term_string\"}}],\"inLanguage\":\"fr-FR\"}]}<\/script>\n<!-- \/ Yoast SEO Premium plugin. -->","yoast_head_json":{"title":"Collections &#8211; SUMBRA","description":"ECO Beauty\u00ae propose des rev\u00eatements de sol en vinyle tiss\u00e9 de qualit\u00e9 sup\u00e9rieure, des rev\u00eatements muraux de diff\u00e9rents styles, un contact pour des \u00e9chantillons gratuits.","robots":{"index":"noindex","follow":"nofollow"},"og_locale":"fr_FR","og_type":"article","og_title":"Collections","og_description":"ECO Beauty\u00ae propose des rev\u00eatements de sol en vinyle tiss\u00e9 de qualit\u00e9 sup\u00e9rieure, des rev\u00eatements muraux de diff\u00e9rents styles, un contact pour des \u00e9chantillons gratuits.","og_url":"https:\/\/theflooring.pro\/fr\/collections\/","og_site_name":"SUMBRA","article_modified_time":"2021-08-15T04:51:20+00:00","twitter_card":"summary_large_image","schema":{"@context":"https:\/\/schema.org","@graph":[{"@type":"WebPage","@id":"https:\/\/theflooring.pro\/fr\/collections\/","url":"https:\/\/theflooring.pro\/fr\/collections\/","name":"Collections &#8211; SUMBRA","isPartOf":{"@id":"https:\/\/theflooring.pro\/#website"},"datePublished":"2020-08-16T07:49:57+00:00","dateModified":"2021-08-15T04:51:20+00:00","description":"ECO Beauty\u00ae propose des rev\u00eatements de sol en vinyle tiss\u00e9 de qualit\u00e9 sup\u00e9rieure, des rev\u00eatements muraux de diff\u00e9rents styles, un contact pour des \u00e9chantillons gratuits.","breadcrumb":{"@id":"https:\/\/theflooring.pro\/fr\/collections\/#breadcrumb"},"inLanguage":"fr-FR","potentialAction":[{"@type":"ReadAction","target":["https:\/\/theflooring.pro\/fr\/collections\/"]}]},{"@type":"BreadcrumbList","@id":"https:\/\/theflooring.pro\/fr\/collections\/#breadcrumb","itemListElement":[{"@type":"ListItem","position":1,"name":"Home","item":"https:\/\/theflooring.pro\/fr\/"},{"@type":"ListItem","position":2,"name":"Collections"}]},{"@type":"WebSite","@id":"https:\/\/theflooring.pro\/#website","url":"https:\/\/theflooring.pro\/","name":"SUMBRA","description":"Premium Woven Vinyl Flooring China Manufacturers","potentialAction":[{"@type":"SearchAction","target":{"@type":"EntryPoint","urlTemplate":"https:\/\/theflooring.pro\/?s={search_term_string}"},"query-input":{"@type":"PropertyValueSpecification","valueRequired":true,"valueName":"search_term_string"}}],"inLanguage":"fr-FR"}]}},"_links":{"self":[{"href":"https:\/\/theflooring.pro\/fr\/wp-json\/wp\/v2\/pages\/2302","targetHints":{"allow":["GET"]}}],"collection":[{"href":"https:\/\/theflooring.pro\/fr\/wp-json\/wp\/v2\/pages"}],"about":[{"href":"https:\/\/theflooring.pro\/fr\/wp-json\/wp\/v2\/types\/page"}],"author":[{"embeddable":true,"href":"https:\/\/theflooring.pro\/fr\/wp-json\/wp\/v2\/users\/1"}],"replies":[{"embeddable":true,"href":"https:\/\/theflooring.pro\/fr\/wp-json\/wp\/v2\/comments?post=2302"}],"version-history":[{"count":0,"href":"https:\/\/theflooring.pro\/fr\/wp-json\/wp\/v2\/pages\/2302\/revisions"}],"wp:attachment":[{"href":"https:\/\/theflooring.pro\/fr\/wp-json\/wp\/v2\/media?parent=2302"}],"curies":[{"name":"wp","href":"https:\/\/api.w.org\/{rel}","templated":true}]}}