{"id":2300,"date":"2020-09-06T19:50:20","date_gmt":"2020-09-06T19:50:20","guid":{"rendered":"https:\/\/theflooring.pro\/blog\/"},"modified":"2021-08-15T03:56:06","modified_gmt":"2021-08-15T03:56:06","slug":"blog","status":"publish","type":"page","link":"https:\/\/theflooring.pro\/es\/blog\/","title":{"rendered":"Blog"},"content":{"rendered":"[vc_row type=\u00bbfull_width_content\u00bb full_screen_row_position=\u00bbmiddle\u00bb column_margin=\u00bbdefault\u00bb column_direction=\u00bbdefault\u00bb column_direction_tablet=\u00bbdefault\u00bb column_direction_phone=\u00bbdefault\u00bb scene_position=\u00bbcenter\u00bb text_color=\u00bbdark\u00bb text_align=\u00bbleft\u00bb row_border_radius=\u00bbnone\u00bb row_border_radius_applies=\u00bbbg\u00bb overlay_strength=\u00bb0.3&#8243; gradient_direction=\u00bbleft_to_right\u00bb shape_divider_position=\u00bbbottom\u00bb bg_image_animation=\u00bbnone\u00bb shape_type=\u00bb\u00bb][vc_column column_padding=\u00bbno-extra-padding\u00bb column_padding_tablet=\u00bbinherit\u00bb column_padding_phone=\u00bbinherit\u00bb column_padding_position=\u00bball\u00bb centered_text=\u00bbtrue\u00bb background_color_opacity=\u00bb1&#8243; background_hover_color_opacity=\u00bb1&#8243; column_shadow=\u00bbnone\u00bb column_border_radius=\u00bb3px\u00bb column_link_target=\u00bb_self\u00bb gradient_direction=\u00bbleft_to_right\u00bb overlay_strength=\u00bb0.3&#8243; width=\u00bb1\/1&#8243; tablet_width_inherit=\u00bbdefault\u00bb tablet_text_alignment=\u00bbdefault\u00bb phone_text_alignment=\u00bbdefault\u00bb column_border_width=\u00bb3px\u00bb column_border_color=\u00bb#000000&#8243; bg_image_animation=\u00bbnone\u00bb][divider line_type=\u00bbNo Line\u00bb][nectar_post_grid post_type=\u00bbpost\u00bb blog_category=\u00bbnews\u00bb order=\u00bbDESC\u00bb orderby=\u00bbdate\u00bb pagination=\u00bbload-more\u00bb button_color=\u00bbaccent-color\u00bb columns=\u00bb4&#8243; grid_item_spacing=\u00bb10px\u00bb grid_item_height=\u00bb30vh\u00bb enable_masonry=\u00bbyes\u00bb image_size=\u00bblarge_featured\u00bb image_loading=\u00bblazy-load\u00bb animation=\u00bbnone\u00bb heading_tag=\u00bbh4&#8243; enable_indicator=\u00bbyes\u00bb mouse_indicator_style=\u00bbsee-through\u00bb mouse_indicator_text=\u00bbread\u00bb display_categories=\u00bbyes\u00bb category_functionality=\u00bbdefault\u00bb grid_style=\u00bbcontent_overlaid\u00bb text_content_layout=\u00bball_middle\u00bb color_overlay=\u00bb#0a0a0a\u00bb color_overlay_opacity=\u00bb0.4&#8243; color_overlay_hover_opacity=\u00bb0.5&#8243; text_color=\u00bblight\u00bb text_color_hover=\u00bblight\u00bb hover_effect=\u00bbzoom\u00bb border_radius=\u00bbnone\u00bb meta_visibility=\u00bbalways\u00bb posts_per_page=\u00bb30&#8243;][\/vc_column][\/vc_row]\n","protected":false},"excerpt":{"rendered":"<p>[vc_row type=\u00bbfull_width_content\u00bb full_screen_row_position=\u00bbmiddle\u00bb column_margin=\u00bbdefault\u00bb column_direction=\u00bbdefault\u00bb column_direction_tablet=\u00bbdefault\u00bb column_direction_phone=\u00bbdefault\u00bb scene_position=\u00bbcenter\u00bb text_color=\u00bbdark\u00bb text_align=\u00bbleft\u00bb row_border_radius=\u00bbnone\u00bb row_border_radius_applies=\u00bbbg\u00bb overlay_strength=\u00bb0.3&#8243; gradient_direction=\u00bbleft_to_right\u00bb shape_divider_position=\u00bbbottom\u00bb bg_image_animation=\u00bbnone\u00bb shape_type=\u00bb\u00bb][vc_column column_padding=\u00bbno-extra-padding\u00bb column_padding_tablet=\u00bbinherit\u00bb column_padding_phone=\u00bbinherit\u00bb column_padding_position=\u00bball\u00bb centered_text=\u00bbtrue\u00bb background_color_opacity=\u00bb1&#8243; background_hover_color_opacity=\u00bb1&#8243; column_shadow=\u00bbnone\u00bb column_border_radius=\u00bb3px\u00bb column_link_target=\u00bb_self\u00bb gradient_direction=\u00bbleft_to_right\u00bb overlay_strength=\u00bb0.3&#8243; width=\u00bb1\/1&#8243;&#8230;<\/p>\n","protected":false},"author":1,"featured_media":0,"parent":0,"menu_order":0,"comment_status":"closed","ping_status":"closed","template":"","meta":{"footnotes":""},"class_list":["post-2300","page","type-page","status-publish"],"yoast_head":"<!-- This site is optimized with the Yoast SEO Premium plugin v24.9 (Yoast SEO v27.4) - https:\/\/yoast.com\/product\/yoast-seo-premium-wordpress\/ -->\n<title>Blog &#8211; SUMBRA<\/title>\n<meta name=\"description\" content=\"\u00bfQu\u00e9 es un piso de vinilo tejido? \u00bfC\u00f3mo elegir una marca de pisos de dise\u00f1o tejido adecuada en decoraci\u00f3n de interiores? \u00bfCu\u00e1l es el precio de los pisos de vinilo tejido?\" \/>\n<meta name=\"robots\" content=\"index, follow, max-snippet:-1, max-image-preview:large, max-video-preview:-1\" \/>\n<link rel=\"canonical\" href=\"https:\/\/theflooring.pro\/es\/blog\/\" \/>\n<meta property=\"og:locale\" content=\"es_ES\" \/>\n<meta property=\"og:type\" content=\"article\" \/>\n<meta property=\"og:title\" content=\"Blog\" \/>\n<meta property=\"og:description\" content=\"\u00bfQu\u00e9 es un piso de vinilo tejido? \u00bfC\u00f3mo elegir una marca de pisos de dise\u00f1o tejido adecuada en decoraci\u00f3n de interiores? \u00bfCu\u00e1l es el precio de los pisos de vinilo tejido?\" \/>\n<meta property=\"og:url\" content=\"https:\/\/theflooring.pro\/es\/blog\/\" \/>\n<meta property=\"og:site_name\" content=\"SUMBRA\" \/>\n<meta property=\"article:modified_time\" content=\"2021-08-15T03:56:06+00:00\" \/>\n<meta name=\"twitter:card\" content=\"summary_large_image\" \/>\n<meta name=\"twitter:label1\" content=\"Tiempo de lectura\" \/>\n\t<meta name=\"twitter:data1\" content=\"1 minuto\" \/>\n<script type=\"application\/ld+json\" class=\"yoast-schema-graph\">{\"@context\":\"https:\\\/\\\/schema.org\",\"@graph\":[{\"@type\":\"WebPage\",\"@id\":\"https:\\\/\\\/theflooring.pro\\\/es\\\/blog\\\/\",\"url\":\"https:\\\/\\\/theflooring.pro\\\/es\\\/blog\\\/\",\"name\":\"Blog &#8211; SUMBRA\",\"isPartOf\":{\"@id\":\"https:\\\/\\\/theflooring.pro\\\/#website\"},\"datePublished\":\"2020-09-06T19:50:20+00:00\",\"dateModified\":\"2021-08-15T03:56:06+00:00\",\"description\":\"\u00bfQu\u00e9 es un piso de vinilo tejido? \u00bfC\u00f3mo elegir una marca de pisos de dise\u00f1o tejido adecuada en decoraci\u00f3n de interiores? \u00bfCu\u00e1l es el precio de los pisos de vinilo tejido?\",\"breadcrumb\":{\"@id\":\"https:\\\/\\\/theflooring.pro\\\/es\\\/blog\\\/#breadcrumb\"},\"inLanguage\":\"es\",\"potentialAction\":[{\"@type\":\"ReadAction\",\"target\":[\"https:\\\/\\\/theflooring.pro\\\/es\\\/blog\\\/\"]}]},{\"@type\":\"BreadcrumbList\",\"@id\":\"https:\\\/\\\/theflooring.pro\\\/es\\\/blog\\\/#breadcrumb\",\"itemListElement\":[{\"@type\":\"ListItem\",\"position\":1,\"name\":\"Home\",\"item\":\"https:\\\/\\\/theflooring.pro\\\/es\\\/\"},{\"@type\":\"ListItem\",\"position\":2,\"name\":\"Blog\"}]},{\"@type\":\"WebSite\",\"@id\":\"https:\\\/\\\/theflooring.pro\\\/#website\",\"url\":\"https:\\\/\\\/theflooring.pro\\\/\",\"name\":\"SUMBRA\",\"description\":\"Premium Woven Vinyl Flooring China Manufacturers\",\"potentialAction\":[{\"@type\":\"SearchAction\",\"target\":{\"@type\":\"EntryPoint\",\"urlTemplate\":\"https:\\\/\\\/theflooring.pro\\\/?s={search_term_string}\"},\"query-input\":{\"@type\":\"PropertyValueSpecification\",\"valueRequired\":true,\"valueName\":\"search_term_string\"}}],\"inLanguage\":\"es\"}]}<\/script>\n<!-- \/ Yoast SEO Premium plugin. -->","yoast_head_json":{"title":"Blog &#8211; SUMBRA","description":"\u00bfQu\u00e9 es un piso de vinilo tejido? \u00bfC\u00f3mo elegir una marca de pisos de dise\u00f1o tejido adecuada en decoraci\u00f3n de interiores? \u00bfCu\u00e1l es el precio de los pisos de vinilo tejido?","robots":{"index":"index","follow":"follow","max-snippet":"max-snippet:-1","max-image-preview":"max-image-preview:large","max-video-preview":"max-video-preview:-1"},"canonical":"https:\/\/theflooring.pro\/es\/blog\/","og_locale":"es_ES","og_type":"article","og_title":"Blog","og_description":"\u00bfQu\u00e9 es un piso de vinilo tejido? \u00bfC\u00f3mo elegir una marca de pisos de dise\u00f1o tejido adecuada en decoraci\u00f3n de interiores? \u00bfCu\u00e1l es el precio de los pisos de vinilo tejido?","og_url":"https:\/\/theflooring.pro\/es\/blog\/","og_site_name":"SUMBRA","article_modified_time":"2021-08-15T03:56:06+00:00","twitter_card":"summary_large_image","twitter_misc":{"Tiempo de lectura":"1 minuto"},"schema":{"@context":"https:\/\/schema.org","@graph":[{"@type":"WebPage","@id":"https:\/\/theflooring.pro\/es\/blog\/","url":"https:\/\/theflooring.pro\/es\/blog\/","name":"Blog &#8211; SUMBRA","isPartOf":{"@id":"https:\/\/theflooring.pro\/#website"},"datePublished":"2020-09-06T19:50:20+00:00","dateModified":"2021-08-15T03:56:06+00:00","description":"\u00bfQu\u00e9 es un piso de vinilo tejido? \u00bfC\u00f3mo elegir una marca de pisos de dise\u00f1o tejido adecuada en decoraci\u00f3n de interiores? \u00bfCu\u00e1l es el precio de los pisos de vinilo tejido?","breadcrumb":{"@id":"https:\/\/theflooring.pro\/es\/blog\/#breadcrumb"},"inLanguage":"es","potentialAction":[{"@type":"ReadAction","target":["https:\/\/theflooring.pro\/es\/blog\/"]}]},{"@type":"BreadcrumbList","@id":"https:\/\/theflooring.pro\/es\/blog\/#breadcrumb","itemListElement":[{"@type":"ListItem","position":1,"name":"Home","item":"https:\/\/theflooring.pro\/es\/"},{"@type":"ListItem","position":2,"name":"Blog"}]},{"@type":"WebSite","@id":"https:\/\/theflooring.pro\/#website","url":"https:\/\/theflooring.pro\/","name":"SUMBRA","description":"Premium Woven Vinyl Flooring China Manufacturers","potentialAction":[{"@type":"SearchAction","target":{"@type":"EntryPoint","urlTemplate":"https:\/\/theflooring.pro\/?s={search_term_string}"},"query-input":{"@type":"PropertyValueSpecification","valueRequired":true,"valueName":"search_term_string"}}],"inLanguage":"es"}]}},"_links":{"self":[{"href":"https:\/\/theflooring.pro\/es\/wp-json\/wp\/v2\/pages\/2300","targetHints":{"allow":["GET"]}}],"collection":[{"href":"https:\/\/theflooring.pro\/es\/wp-json\/wp\/v2\/pages"}],"about":[{"href":"https:\/\/theflooring.pro\/es\/wp-json\/wp\/v2\/types\/page"}],"author":[{"embeddable":true,"href":"https:\/\/theflooring.pro\/es\/wp-json\/wp\/v2\/users\/1"}],"replies":[{"embeddable":true,"href":"https:\/\/theflooring.pro\/es\/wp-json\/wp\/v2\/comments?post=2300"}],"version-history":[{"count":0,"href":"https:\/\/theflooring.pro\/es\/wp-json\/wp\/v2\/pages\/2300\/revisions"}],"wp:attachment":[{"href":"https:\/\/theflooring.pro\/es\/wp-json\/wp\/v2\/media?parent=2300"}],"curies":[{"name":"wp","href":"https:\/\/api.w.org\/{rel}","templated":true}]}}