{"id":1965,"date":"2020-08-16T23:11:30","date_gmt":"2020-08-16T23:11:30","guid":{"rendered":"https:\/\/theflooring.pro\/faq\/"},"modified":"2020-10-31T03:11:38","modified_gmt":"2020-10-31T03:11:38","slug":"faq","status":"publish","type":"page","link":"https:\/\/theflooring.pro\/es\/faq\/","title":{"rendered":"FAQ"},"content":{"rendered":"[vc_row type=\u00bbfull_width_background\u00bb full_screen_row_position=\u00bbmiddle\u00bb column_margin=\u00bbdefault\u00bb column_direction=\u00bbdefault\u00bb column_direction_tablet=\u00bbdefault\u00bb column_direction_phone=\u00bbdefault\u00bb bg_color=\u00bb#f7f7f7&#8243; scene_position=\u00bbcenter\u00bb top_padding=\u00bb100&#8243; bottom_padding=\u00bb100&#8243; text_color=\u00bbdark\u00bb text_align=\u00bbleft\u00bb row_border_radius=\u00bbnone\u00bb row_border_radius_applies=\u00bbbg\u00bb overlay_strength=\u00bb0.3&#8243; gradient_direction=\u00bbleft_to_right\u00bb shape_divider_position=\u00bbbottom\u00bb bg_image_animation=\u00bbnone\u00bb][vc_column column_padding=\u00bbno-extra-padding\u00bb column_padding_tablet=\u00bbinherit\u00bb column_padding_phone=\u00bbinherit\u00bb column_padding_position=\u00bball\u00bb background_color_opacity=\u00bb1&#8243; background_hover_color_opacity=\u00bb1&#8243; column_shadow=\u00bbnone\u00bb column_border_radius=\u00bbnone\u00bb column_link_target=\u00bb_self\u00bb gradient_direction=\u00bbleft_to_right\u00bb overlay_strength=\u00bb0.3&#8243; width=\u00bb1\/1&#8243; tablet_width_inherit=\u00bbdefault\u00bb tablet_text_alignment=\u00bbdefault\u00bb phone_text_alignment=\u00bbdefault\u00bb column_border_width=\u00bbnone\u00bb column_border_style=\u00bbsolid\u00bb bg_image_animation=\u00bbnone\u00bb][vc_column_text]\n<h2>About ECO BEAUTY\u00ae<\/h2>\n[\/vc_column_text][toggles style=\u00bbminimal\u00bb][toggle color=\u00bbDefault\u00bb title=\u00bb\u00bfDe qu\u00e9 est\u00e1 hecho el vinilo tejido de PVC?\u00bb][vc_column_text]El vinilo tejido de PVC est\u00e1 hecho de un hilo de poli\u00e9ster recubierto de PVC[\/vc_column_text][\/toggle][toggle color=\u00bbDefault\u00bb title=\u00bb\u00bfDe qu\u00e9 est\u00e1 hecho el respaldo?\u00bb][vc_column_text]\n<div class=\"faq expanded\">\n<div class=\"faq__answer\">\n<p>El respaldo est\u00e1 hecho de PVC negro.<\/p>\n<\/div>\n<\/div>\n[\/vc_column_text][\/toggle][toggle color=\u00bbDefault\u00bb title=\u00bb\u00bfPuedo solicitarle una muestra?\u00bb][vc_column_text]\n<p class=\"p1\">S\u00ed, env\u00edenos su requerimiento exacto. Por ejemplo, nuestro n\u00famero de muestra, construcci\u00f3n, peso e imagen de su dise\u00f1o requerido, y le enviaremos una muestra de acuerdo con su demanda.<\/p>\n[\/vc_column_text][\/toggle][toggle color=\u00bbDefault\u00bb title=\u00bb\u00bfCu\u00e1les son las dimensiones de los rollos y las diferentes baldosas?\u00bb][vc_column_text]\n<p class=\"p1\">El ancho del rollo es de 2,0 metros y la longitud est\u00e1ndar es de 20,0-25,0 metros. La baldosa est\u00e1ndar mide 50 x 50 cm.<\/p>\n[\/vc_column_text][\/toggle][toggle color=\u00bbDefault\u00bb title=\u00bb\u00bfEs f\u00e1cil de limpiar e instalar el piso?\u00bb][vc_column_text]\n<p class=\"p1\">Sim, claro. \u00c9 muito f\u00e1cil de limpar com esfregona ou aspirador de p\u00f3.<\/p>\n[\/vc_column_text][\/toggle][\/toggles][toggles style=\u00bbminimal\u00bb][toggle color=\u00bbDefault\u00bb title=\u00bb\u00bfCu\u00e1ntos acompa\u00f1amientos ofrecen?\u00bb][vc_column_text]\n<div class=\"faq expanded\">\n<div class=\"faq__answer\">\n<p>Ofrecemos 2 respaldos diferentes: respaldo de pvc negro (.115-.146 \u201dde espesor) y respaldo no tejido (.150-.223\u201d de espesor).<\/p>\n<\/div>\n<\/div>\n[\/vc_column_text][\/toggle][\/toggles][\/vc_column][\/vc_row]\n","protected":false},"excerpt":{"rendered":"<p>[vc_row type=\u00bbfull_width_background\u00bb full_screen_row_position=\u00bbmiddle\u00bb column_margin=\u00bbdefault\u00bb column_direction=\u00bbdefault\u00bb column_direction_tablet=\u00bbdefault\u00bb column_direction_phone=\u00bbdefault\u00bb bg_color=\u00bb#f7f7f7&#8243; scene_position=\u00bbcenter\u00bb top_padding=\u00bb100&#8243; bottom_padding=\u00bb100&#8243; text_color=\u00bbdark\u00bb text_align=\u00bbleft\u00bb row_border_radius=\u00bbnone\u00bb row_border_radius_applies=\u00bbbg\u00bb overlay_strength=\u00bb0.3&#8243; gradient_direction=\u00bbleft_to_right\u00bb shape_divider_position=\u00bbbottom\u00bb bg_image_animation=\u00bbnone\u00bb][vc_column column_padding=\u00bbno-extra-padding\u00bb column_padding_tablet=\u00bbinherit\u00bb column_padding_phone=\u00bbinherit\u00bb column_padding_position=\u00bball\u00bb background_color_opacity=\u00bb1&#8243; background_hover_color_opacity=\u00bb1&#8243; column_shadow=\u00bbnone\u00bb column_border_radius=\u00bbnone\u00bb column_link_target=\u00bb_self\u00bb gradient_direction=\u00bbleft_to_right\u00bb overlay_strength=\u00bb0.3&#8243;&#8230;<\/p>\n","protected":false},"author":1,"featured_media":0,"parent":0,"menu_order":0,"comment_status":"closed","ping_status":"closed","template":"","meta":{"footnotes":""},"class_list":["post-1965","page","type-page","status-publish"],"yoast_head":"<!-- This site is optimized with the Yoast SEO Premium plugin v27.4 (Yoast SEO v27.4) - https:\/\/yoast.com\/product\/yoast-seo-premium-wordpress\/ -->\n<title>FAQ &#8211; SUMBRA<\/title>\n<meta name=\"robots\" content=\"index, follow, max-snippet:-1, max-image-preview:large, max-video-preview:-1\" \/>\n<link rel=\"canonical\" href=\"https:\/\/theflooring.pro\/es\/faq\/\" \/>\n<meta property=\"og:locale\" content=\"es_ES\" \/>\n<meta property=\"og:type\" content=\"article\" \/>\n<meta property=\"og:title\" content=\"FAQ\" \/>\n<meta property=\"og:description\" content=\"[vc_row type=\u00bbfull_width_background\u00bb full_screen_row_position=\u00bbmiddle\u00bb column_margin=\u00bbdefault\u00bb column_direction=\u00bbdefault\u00bb column_direction_tablet=\u00bbdefault\u00bb column_direction_phone=\u00bbdefault\u00bb bg_color=\u00bb#f7f7f7&#8243; scene_position=\u00bbcenter\u00bb top_padding=\u00bb100&#8243; bottom_padding=\u00bb100&#8243; text_color=\u00bbdark\u00bb text_align=\u00bbleft\u00bb row_border_radius=\u00bbnone\u00bb row_border_radius_applies=\u00bbbg\u00bb overlay_strength=\u00bb0.3&#8243; gradient_direction=\u00bbleft_to_right\u00bb shape_divider_position=\u00bbbottom\u00bb bg_image_animation=\u00bbnone\u00bb][vc_column column_padding=\u00bbno-extra-padding\u00bb column_padding_tablet=\u00bbinherit\u00bb column_padding_phone=\u00bbinherit\u00bb column_padding_position=\u00bball\u00bb background_color_opacity=\u00bb1&#8243; background_hover_color_opacity=\u00bb1&#8243; column_shadow=\u00bbnone\u00bb column_border_radius=\u00bbnone\u00bb column_link_target=\u00bb_self\u00bb gradient_direction=\u00bbleft_to_right\u00bb overlay_strength=\u00bb0.3&#8243;...\" \/>\n<meta property=\"og:url\" content=\"https:\/\/theflooring.pro\/es\/faq\/\" \/>\n<meta property=\"og:site_name\" content=\"SUMBRA\" \/>\n<meta property=\"article:modified_time\" content=\"2020-10-31T03:11:38+00:00\" \/>\n<meta name=\"twitter:card\" content=\"summary_large_image\" \/>\n<meta name=\"twitter:label1\" content=\"Tiempo de lectura\" \/>\n\t<meta name=\"twitter:data1\" content=\"2 minutos\" \/>\n<script type=\"application\/ld+json\" class=\"yoast-schema-graph\">{\"@context\":\"https:\\\/\\\/schema.org\",\"@graph\":[{\"@type\":\"WebPage\",\"@id\":\"https:\\\/\\\/theflooring.pro\\\/es\\\/faq\\\/\",\"url\":\"https:\\\/\\\/theflooring.pro\\\/es\\\/faq\\\/\",\"name\":\"FAQ &#8211; SUMBRA\",\"isPartOf\":{\"@id\":\"https:\\\/\\\/theflooring.pro\\\/#website\"},\"datePublished\":\"2020-08-16T23:11:30+00:00\",\"dateModified\":\"2020-10-31T03:11:38+00:00\",\"breadcrumb\":{\"@id\":\"https:\\\/\\\/theflooring.pro\\\/es\\\/faq\\\/#breadcrumb\"},\"inLanguage\":\"es\",\"potentialAction\":[{\"@type\":\"ReadAction\",\"target\":[\"https:\\\/\\\/theflooring.pro\\\/es\\\/faq\\\/\"]}]},{\"@type\":\"BreadcrumbList\",\"@id\":\"https:\\\/\\\/theflooring.pro\\\/es\\\/faq\\\/#breadcrumb\",\"itemListElement\":[{\"@type\":\"ListItem\",\"position\":1,\"name\":\"Home\",\"item\":\"https:\\\/\\\/theflooring.pro\\\/es\\\/\"},{\"@type\":\"ListItem\",\"position\":2,\"name\":\"FAQ\"}]},{\"@type\":\"WebSite\",\"@id\":\"https:\\\/\\\/theflooring.pro\\\/#website\",\"url\":\"https:\\\/\\\/theflooring.pro\\\/\",\"name\":\"SUMBRA\",\"description\":\"Premium Woven Vinyl Flooring China Manufacturers\",\"potentialAction\":[{\"@type\":\"SearchAction\",\"target\":{\"@type\":\"EntryPoint\",\"urlTemplate\":\"https:\\\/\\\/theflooring.pro\\\/?s={search_term_string}\"},\"query-input\":{\"@type\":\"PropertyValueSpecification\",\"valueRequired\":true,\"valueName\":\"search_term_string\"}}],\"inLanguage\":\"es\"}]}<\/script>\n<!-- \/ Yoast SEO Premium plugin. -->","yoast_head_json":{"title":"FAQ &#8211; SUMBRA","robots":{"index":"index","follow":"follow","max-snippet":"max-snippet:-1","max-image-preview":"max-image-preview:large","max-video-preview":"max-video-preview:-1"},"canonical":"https:\/\/theflooring.pro\/es\/faq\/","og_locale":"es_ES","og_type":"article","og_title":"FAQ","og_description":"[vc_row type=\u00bbfull_width_background\u00bb full_screen_row_position=\u00bbmiddle\u00bb column_margin=\u00bbdefault\u00bb column_direction=\u00bbdefault\u00bb column_direction_tablet=\u00bbdefault\u00bb column_direction_phone=\u00bbdefault\u00bb bg_color=\u00bb#f7f7f7&#8243; scene_position=\u00bbcenter\u00bb top_padding=\u00bb100&#8243; bottom_padding=\u00bb100&#8243; text_color=\u00bbdark\u00bb text_align=\u00bbleft\u00bb row_border_radius=\u00bbnone\u00bb row_border_radius_applies=\u00bbbg\u00bb overlay_strength=\u00bb0.3&#8243; gradient_direction=\u00bbleft_to_right\u00bb shape_divider_position=\u00bbbottom\u00bb bg_image_animation=\u00bbnone\u00bb][vc_column column_padding=\u00bbno-extra-padding\u00bb column_padding_tablet=\u00bbinherit\u00bb column_padding_phone=\u00bbinherit\u00bb column_padding_position=\u00bball\u00bb background_color_opacity=\u00bb1&#8243; background_hover_color_opacity=\u00bb1&#8243; column_shadow=\u00bbnone\u00bb column_border_radius=\u00bbnone\u00bb column_link_target=\u00bb_self\u00bb gradient_direction=\u00bbleft_to_right\u00bb overlay_strength=\u00bb0.3&#8243;...","og_url":"https:\/\/theflooring.pro\/es\/faq\/","og_site_name":"SUMBRA","article_modified_time":"2020-10-31T03:11:38+00:00","twitter_card":"summary_large_image","twitter_misc":{"Tiempo de lectura":"2 minutos"},"schema":{"@context":"https:\/\/schema.org","@graph":[{"@type":"WebPage","@id":"https:\/\/theflooring.pro\/es\/faq\/","url":"https:\/\/theflooring.pro\/es\/faq\/","name":"FAQ &#8211; SUMBRA","isPartOf":{"@id":"https:\/\/theflooring.pro\/#website"},"datePublished":"2020-08-16T23:11:30+00:00","dateModified":"2020-10-31T03:11:38+00:00","breadcrumb":{"@id":"https:\/\/theflooring.pro\/es\/faq\/#breadcrumb"},"inLanguage":"es","potentialAction":[{"@type":"ReadAction","target":["https:\/\/theflooring.pro\/es\/faq\/"]}]},{"@type":"BreadcrumbList","@id":"https:\/\/theflooring.pro\/es\/faq\/#breadcrumb","itemListElement":[{"@type":"ListItem","position":1,"name":"Home","item":"https:\/\/theflooring.pro\/es\/"},{"@type":"ListItem","position":2,"name":"FAQ"}]},{"@type":"WebSite","@id":"https:\/\/theflooring.pro\/#website","url":"https:\/\/theflooring.pro\/","name":"SUMBRA","description":"Premium Woven Vinyl Flooring China Manufacturers","potentialAction":[{"@type":"SearchAction","target":{"@type":"EntryPoint","urlTemplate":"https:\/\/theflooring.pro\/?s={search_term_string}"},"query-input":{"@type":"PropertyValueSpecification","valueRequired":true,"valueName":"search_term_string"}}],"inLanguage":"es"}]}},"_links":{"self":[{"href":"https:\/\/theflooring.pro\/es\/wp-json\/wp\/v2\/pages\/1965","targetHints":{"allow":["GET"]}}],"collection":[{"href":"https:\/\/theflooring.pro\/es\/wp-json\/wp\/v2\/pages"}],"about":[{"href":"https:\/\/theflooring.pro\/es\/wp-json\/wp\/v2\/types\/page"}],"author":[{"embeddable":true,"href":"https:\/\/theflooring.pro\/es\/wp-json\/wp\/v2\/users\/1"}],"replies":[{"embeddable":true,"href":"https:\/\/theflooring.pro\/es\/wp-json\/wp\/v2\/comments?post=1965"}],"version-history":[{"count":0,"href":"https:\/\/theflooring.pro\/es\/wp-json\/wp\/v2\/pages\/1965\/revisions"}],"wp:attachment":[{"href":"https:\/\/theflooring.pro\/es\/wp-json\/wp\/v2\/media?parent=1965"}],"curies":[{"name":"wp","href":"https:\/\/api.w.org\/{rel}","templated":true}]}}