{"id":2296,"date":"2020-09-06T19:50:20","date_gmt":"2020-09-06T19:50:20","guid":{"rendered":"https:\/\/theflooring.pro\/blog\/"},"modified":"2021-08-15T03:50:18","modified_gmt":"2021-08-15T03:50:18","slug":"blog","status":"publish","type":"page","link":"https:\/\/theflooring.pro\/de\/blog\/","title":{"rendered":"Blog"},"content":{"rendered":"[vc_row type=&#8220;full_width_content&#8220; full_screen_row_position=&#8220;middle&#8220; column_margin=&#8220;default&#8220; column_direction=&#8220;default&#8220; column_direction_tablet=&#8220;default&#8220; column_direction_phone=&#8220;default&#8220; scene_position=&#8220;center&#8220; text_color=&#8220;dark&#8220; text_align=&#8220;left&#8220; row_border_radius=&#8220;none&#8220; row_border_radius_applies=&#8220;bg&#8220; overlay_strength=&#8220;0.3&#8243; gradient_direction=&#8220;left_to_right&#8220; shape_divider_position=&#8220;bottom&#8220; bg_image_animation=&#8220;none&#8220; shape_type=&#8220;&#8220;][vc_column column_padding=&#8220;no-extra-padding&#8220; column_padding_tablet=&#8220;inherit&#8220; column_padding_phone=&#8220;inherit&#8220; column_padding_position=&#8220;all&#8220; centered_text=&#8220;true&#8220; background_color_opacity=&#8220;1&#8243; background_hover_color_opacity=&#8220;1&#8243; column_shadow=&#8220;none&#8220; column_border_radius=&#8220;3px&#8220; column_link_target=&#8220;_self&#8220; gradient_direction=&#8220;left_to_right&#8220; overlay_strength=&#8220;0.3&#8243; width=&#8220;1\/1&#8243; tablet_width_inherit=&#8220;default&#8220; tablet_text_alignment=&#8220;default&#8220; phone_text_alignment=&#8220;default&#8220; column_border_width=&#8220;3px&#8220; column_border_color=&#8220;#000000&#8243; bg_image_animation=&#8220;none&#8220;][divider line_type=&#8220;No Line&#8220;][nectar_post_grid post_type=&#8220;post&#8220; blog_category=&#8220;news&#8220; order=&#8220;DESC&#8220; orderby=&#8220;date&#8220; pagination=&#8220;load-more&#8220; button_color=&#8220;accent-color&#8220; columns=&#8220;4&#8243; grid_item_spacing=&#8220;10px&#8220; grid_item_height=&#8220;30vh&#8220; enable_masonry=&#8220;yes&#8220; image_size=&#8220;large_featured&#8220; image_loading=&#8220;lazy-load&#8220; animation=&#8220;none&#8220; heading_tag=&#8220;h4&#8243; enable_indicator=&#8220;yes&#8220; mouse_indicator_style=&#8220;see-through&#8220; mouse_indicator_text=&#8220;read&#8220; display_categories=&#8220;yes&#8220; category_functionality=&#8220;default&#8220; grid_style=&#8220;content_overlaid&#8220; text_content_layout=&#8220;all_middle&#8220; color_overlay=&#8220;#0a0a0a&#8220; color_overlay_opacity=&#8220;0.4&#8243; color_overlay_hover_opacity=&#8220;0.5&#8243; text_color=&#8220;light&#8220; text_color_hover=&#8220;light&#8220; hover_effect=&#8220;zoom&#8220; border_radius=&#8220;none&#8220; meta_visibility=&#8220;always&#8220; posts_per_page=&#8220;30&#8243;][\/vc_column][\/vc_row]\n","protected":false},"excerpt":{"rendered":"<p>[vc_row type=&#8220;full_width_content&#8220; full_screen_row_position=&#8220;middle&#8220; column_margin=&#8220;default&#8220; column_direction=&#8220;default&#8220; column_direction_tablet=&#8220;default&#8220; column_direction_phone=&#8220;default&#8220; scene_position=&#8220;center&#8220; text_color=&#8220;dark&#8220; text_align=&#8220;left&#8220; row_border_radius=&#8220;none&#8220; row_border_radius_applies=&#8220;bg&#8220; overlay_strength=&#8220;0.3&#8243; gradient_direction=&#8220;left_to_right&#8220; shape_divider_position=&#8220;bottom&#8220; bg_image_animation=&#8220;none&#8220; shape_type=&#8220;&#8220;][vc_column column_padding=&#8220;no-extra-padding&#8220; column_padding_tablet=&#8220;inherit&#8220; column_padding_phone=&#8220;inherit&#8220; column_padding_position=&#8220;all&#8220; centered_text=&#8220;true&#8220; background_color_opacity=&#8220;1&#8243; background_hover_color_opacity=&#8220;1&#8243; column_shadow=&#8220;none&#8220; column_border_radius=&#8220;3px&#8220; column_link_target=&#8220;_self&#8220; gradient_direction=&#8220;left_to_right&#8220; overlay_strength=&#8220;0.3&#8243; width=&#8220;1\/1&#8243;&#8230;<\/p>\n","protected":false},"author":1,"featured_media":0,"parent":0,"menu_order":0,"comment_status":"closed","ping_status":"closed","template":"","meta":{"footnotes":""},"class_list":["post-2296","page","type-page","status-publish"],"yoast_head":"<!-- This site is optimized with the Yoast SEO Premium plugin v27.4 (Yoast SEO v27.4) - https:\/\/yoast.com\/product\/yoast-seo-premium-wordpress\/ -->\n<title>Blog &#8211; SUMBRA<\/title>\n<meta name=\"description\" content=\"Was ist ein gewebter Vinylboden? Wie w\u00e4hle ich eine geeignete Marke f\u00fcr gewebte Designb\u00f6den in der Inneneinrichtung aus? Was kostet ein gewebter Vinylboden?\" \/>\n<meta name=\"robots\" content=\"index, follow, max-snippet:-1, max-image-preview:large, max-video-preview:-1\" \/>\n<link rel=\"canonical\" href=\"https:\/\/theflooring.pro\/de\/blog\/\" \/>\n<meta property=\"og:locale\" content=\"de_DE\" \/>\n<meta property=\"og:type\" content=\"article\" \/>\n<meta property=\"og:title\" content=\"Blog\" \/>\n<meta property=\"og:description\" content=\"Was ist ein gewebter Vinylboden? Wie w\u00e4hle ich eine geeignete Marke f\u00fcr gewebte Designb\u00f6den in der Inneneinrichtung aus? Was kostet ein gewebter Vinylboden?\" \/>\n<meta property=\"og:url\" content=\"https:\/\/theflooring.pro\/de\/blog\/\" \/>\n<meta property=\"og:site_name\" content=\"SUMBRA\" \/>\n<meta property=\"article:modified_time\" content=\"2021-08-15T03:50:18+00:00\" \/>\n<meta name=\"twitter:card\" content=\"summary_large_image\" \/>\n<meta name=\"twitter:label1\" content=\"Gesch\u00e4tzte Lesezeit\" \/>\n\t<meta name=\"twitter:data1\" content=\"1\u00a0Minute\" \/>\n<script type=\"application\/ld+json\" class=\"yoast-schema-graph\">{\"@context\":\"https:\\\/\\\/schema.org\",\"@graph\":[{\"@type\":\"WebPage\",\"@id\":\"https:\\\/\\\/theflooring.pro\\\/de\\\/blog\\\/\",\"url\":\"https:\\\/\\\/theflooring.pro\\\/de\\\/blog\\\/\",\"name\":\"Blog &#8211; SUMBRA\",\"isPartOf\":{\"@id\":\"https:\\\/\\\/theflooring.pro\\\/#website\"},\"datePublished\":\"2020-09-06T19:50:20+00:00\",\"dateModified\":\"2021-08-15T03:50:18+00:00\",\"description\":\"Was ist ein gewebter Vinylboden? Wie w\u00e4hle ich eine geeignete Marke f\u00fcr gewebte Designb\u00f6den in der Inneneinrichtung aus? Was kostet ein gewebter Vinylboden?\",\"breadcrumb\":{\"@id\":\"https:\\\/\\\/theflooring.pro\\\/de\\\/blog\\\/#breadcrumb\"},\"inLanguage\":\"de\",\"potentialAction\":[{\"@type\":\"ReadAction\",\"target\":[\"https:\\\/\\\/theflooring.pro\\\/de\\\/blog\\\/\"]}]},{\"@type\":\"BreadcrumbList\",\"@id\":\"https:\\\/\\\/theflooring.pro\\\/de\\\/blog\\\/#breadcrumb\",\"itemListElement\":[{\"@type\":\"ListItem\",\"position\":1,\"name\":\"Home\",\"item\":\"https:\\\/\\\/theflooring.pro\\\/de\\\/\"},{\"@type\":\"ListItem\",\"position\":2,\"name\":\"Blog\"}]},{\"@type\":\"WebSite\",\"@id\":\"https:\\\/\\\/theflooring.pro\\\/#website\",\"url\":\"https:\\\/\\\/theflooring.pro\\\/\",\"name\":\"SUMBRA\",\"description\":\"Premium Woven Vinyl Flooring China Manufacturers\",\"potentialAction\":[{\"@type\":\"SearchAction\",\"target\":{\"@type\":\"EntryPoint\",\"urlTemplate\":\"https:\\\/\\\/theflooring.pro\\\/?s={search_term_string}\"},\"query-input\":{\"@type\":\"PropertyValueSpecification\",\"valueRequired\":true,\"valueName\":\"search_term_string\"}}],\"inLanguage\":\"de\"}]}<\/script>\n<!-- \/ Yoast SEO Premium plugin. -->","yoast_head_json":{"title":"Blog &#8211; SUMBRA","description":"Was ist ein gewebter Vinylboden? Wie w\u00e4hle ich eine geeignete Marke f\u00fcr gewebte Designb\u00f6den in der Inneneinrichtung aus? Was kostet ein gewebter Vinylboden?","robots":{"index":"index","follow":"follow","max-snippet":"max-snippet:-1","max-image-preview":"max-image-preview:large","max-video-preview":"max-video-preview:-1"},"canonical":"https:\/\/theflooring.pro\/de\/blog\/","og_locale":"de_DE","og_type":"article","og_title":"Blog","og_description":"Was ist ein gewebter Vinylboden? Wie w\u00e4hle ich eine geeignete Marke f\u00fcr gewebte Designb\u00f6den in der Inneneinrichtung aus? Was kostet ein gewebter Vinylboden?","og_url":"https:\/\/theflooring.pro\/de\/blog\/","og_site_name":"SUMBRA","article_modified_time":"2021-08-15T03:50:18+00:00","twitter_card":"summary_large_image","twitter_misc":{"Gesch\u00e4tzte Lesezeit":"1\u00a0Minute"},"schema":{"@context":"https:\/\/schema.org","@graph":[{"@type":"WebPage","@id":"https:\/\/theflooring.pro\/de\/blog\/","url":"https:\/\/theflooring.pro\/de\/blog\/","name":"Blog &#8211; SUMBRA","isPartOf":{"@id":"https:\/\/theflooring.pro\/#website"},"datePublished":"2020-09-06T19:50:20+00:00","dateModified":"2021-08-15T03:50:18+00:00","description":"Was ist ein gewebter Vinylboden? Wie w\u00e4hle ich eine geeignete Marke f\u00fcr gewebte Designb\u00f6den in der Inneneinrichtung aus? Was kostet ein gewebter Vinylboden?","breadcrumb":{"@id":"https:\/\/theflooring.pro\/de\/blog\/#breadcrumb"},"inLanguage":"de","potentialAction":[{"@type":"ReadAction","target":["https:\/\/theflooring.pro\/de\/blog\/"]}]},{"@type":"BreadcrumbList","@id":"https:\/\/theflooring.pro\/de\/blog\/#breadcrumb","itemListElement":[{"@type":"ListItem","position":1,"name":"Home","item":"https:\/\/theflooring.pro\/de\/"},{"@type":"ListItem","position":2,"name":"Blog"}]},{"@type":"WebSite","@id":"https:\/\/theflooring.pro\/#website","url":"https:\/\/theflooring.pro\/","name":"SUMBRA","description":"Premium Woven Vinyl Flooring China Manufacturers","potentialAction":[{"@type":"SearchAction","target":{"@type":"EntryPoint","urlTemplate":"https:\/\/theflooring.pro\/?s={search_term_string}"},"query-input":{"@type":"PropertyValueSpecification","valueRequired":true,"valueName":"search_term_string"}}],"inLanguage":"de"}]}},"_links":{"self":[{"href":"https:\/\/theflooring.pro\/de\/wp-json\/wp\/v2\/pages\/2296","targetHints":{"allow":["GET"]}}],"collection":[{"href":"https:\/\/theflooring.pro\/de\/wp-json\/wp\/v2\/pages"}],"about":[{"href":"https:\/\/theflooring.pro\/de\/wp-json\/wp\/v2\/types\/page"}],"author":[{"embeddable":true,"href":"https:\/\/theflooring.pro\/de\/wp-json\/wp\/v2\/users\/1"}],"replies":[{"embeddable":true,"href":"https:\/\/theflooring.pro\/de\/wp-json\/wp\/v2\/comments?post=2296"}],"version-history":[{"count":0,"href":"https:\/\/theflooring.pro\/de\/wp-json\/wp\/v2\/pages\/2296\/revisions"}],"wp:attachment":[{"href":"https:\/\/theflooring.pro\/de\/wp-json\/wp\/v2\/media?parent=2296"}],"curies":[{"name":"wp","href":"https:\/\/api.w.org\/{rel}","templated":true}]}}