{"id":5580,"date":"2020-09-06T19:50:20","date_gmt":"2020-09-06T19:50:20","guid":{"rendered":"https:\/\/theflooring.pro\/blog\/"},"modified":"2021-08-15T03:27:49","modified_gmt":"2021-08-15T03:27:49","slug":"blog","status":"publish","type":"page","link":"https:\/\/theflooring.pro\/da\/blog\/","title":{"rendered":"Blog"},"content":{"rendered":"[vc_row type=&#8221;full_width_content&#8221; full_screen_row_position=&#8221;middle&#8221; column_margin=&#8221;default&#8221; column_direction=&#8221;default&#8221; column_direction_tablet=&#8221;default&#8221; column_direction_phone=&#8221;default&#8221; scene_position=&#8221;center&#8221; text_color=&#8221;dark&#8221; text_align=&#8221;left&#8221; row_border_radius=&#8221;none&#8221; row_border_radius_applies=&#8221;bg&#8221; overlay_strength=&#8221;0.3&#8243; gradient_direction=&#8221;left_to_right&#8221; shape_divider_position=&#8221;bottom&#8221; bg_image_animation=&#8221;none&#8221; shape_type=&#8221;&#8221;][vc_column column_padding=&#8221;no-extra-padding&#8221; column_padding_tablet=&#8221;inherit&#8221; column_padding_phone=&#8221;inherit&#8221; column_padding_position=&#8221;all&#8221; centered_text=&#8221;true&#8221; background_color_opacity=&#8221;1&#8243; background_hover_color_opacity=&#8221;1&#8243; column_shadow=&#8221;none&#8221; column_border_radius=&#8221;3px&#8221; column_link_target=&#8221;_self&#8221; gradient_direction=&#8221;left_to_right&#8221; overlay_strength=&#8221;0.3&#8243; width=&#8221;1\/1&#8243; tablet_width_inherit=&#8221;default&#8221; tablet_text_alignment=&#8221;default&#8221; phone_text_alignment=&#8221;default&#8221; column_border_width=&#8221;3px&#8221; column_border_color=&#8221;#000000&#8243; bg_image_animation=&#8221;none&#8221;][divider line_type=&#8221;No Line&#8221;][nectar_post_grid post_type=&#8221;post&#8221; blog_category=&#8221;news&#8221; order=&#8221;DESC&#8221; orderby=&#8221;date&#8221; pagination=&#8221;load-more&#8221; button_color=&#8221;accent-color&#8221; columns=&#8221;4&#8243; grid_item_spacing=&#8221;10px&#8221; grid_item_height=&#8221;30vh&#8221; enable_masonry=&#8221;yes&#8221; image_size=&#8221;large_featured&#8221; image_loading=&#8221;lazy-load&#8221; animation=&#8221;none&#8221; heading_tag=&#8221;h4&#8243; enable_indicator=&#8221;yes&#8221; mouse_indicator_style=&#8221;see-through&#8221; mouse_indicator_text=&#8221;read&#8221; display_categories=&#8221;yes&#8221; category_functionality=&#8221;default&#8221; grid_style=&#8221;content_overlaid&#8221; text_content_layout=&#8221;all_middle&#8221; color_overlay=&#8221;#0a0a0a&#8221; color_overlay_opacity=&#8221;0.4&#8243; color_overlay_hover_opacity=&#8221;0.5&#8243; text_color=&#8221;light&#8221; text_color_hover=&#8221;light&#8221; hover_effect=&#8221;zoom&#8221; border_radius=&#8221;none&#8221; meta_visibility=&#8221;always&#8221; posts_per_page=&#8221;30&#8243;][\/vc_column][\/vc_row]\n","protected":false},"excerpt":{"rendered":"<p>[vc_row type=&#8221;full_width_content&#8221; full_screen_row_position=&#8221;middle&#8221; column_margin=&#8221;default&#8221; column_direction=&#8221;default&#8221; column_direction_tablet=&#8221;default&#8221; column_direction_phone=&#8221;default&#8221; scene_position=&#8221;center&#8221; text_color=&#8221;dark&#8221; text_align=&#8221;left&#8221; row_border_radius=&#8221;none&#8221; row_border_radius_applies=&#8221;bg&#8221; overlay_strength=&#8221;0.3&#8243; gradient_direction=&#8221;left_to_right&#8221; shape_divider_position=&#8221;bottom&#8221; bg_image_animation=&#8221;none&#8221; shape_type=&#8221;&#8221;][vc_column column_padding=&#8221;no-extra-padding&#8221; column_padding_tablet=&#8221;inherit&#8221; column_padding_phone=&#8221;inherit&#8221; column_padding_position=&#8221;all&#8221; centered_text=&#8221;true&#8221; background_color_opacity=&#8221;1&#8243; background_hover_color_opacity=&#8221;1&#8243; column_shadow=&#8221;none&#8221; column_border_radius=&#8221;3px&#8221; column_link_target=&#8221;_self&#8221; gradient_direction=&#8221;left_to_right&#8221; overlay_strength=&#8221;0.3&#8243; width=&#8221;1\/1&#8243;&#8230;<\/p>\n","protected":false},"author":1,"featured_media":0,"parent":0,"menu_order":0,"comment_status":"closed","ping_status":"closed","template":"","meta":{"footnotes":""},"class_list":["post-5580","page","type-page","status-publish"],"yoast_head":"<!-- This site is optimized with the Yoast SEO Premium plugin v24.9 (Yoast SEO v27.4) - https:\/\/yoast.com\/product\/yoast-seo-premium-wordpress\/ -->\n<title>Blog &#8211; SUMBRA<\/title>\n<meta name=\"description\" content=\"Hvad er v\u00e6vet vinylgulv? Hvordan afhentes et passende v\u00e6vet designgulvem\u00e6rke i interi\u00f8rdekoration? Hvad er prisen p\u00e5 v\u00e6vet vinylgulv?\" \/>\n<meta name=\"robots\" content=\"index, follow, max-snippet:-1, max-image-preview:large, max-video-preview:-1\" \/>\n<link rel=\"canonical\" href=\"https:\/\/theflooring.pro\/da\/blog\/\" \/>\n<meta property=\"og:locale\" content=\"da_DK\" \/>\n<meta property=\"og:type\" content=\"article\" \/>\n<meta property=\"og:title\" content=\"Blog\" \/>\n<meta property=\"og:description\" content=\"Hvad er v\u00e6vet vinylgulv? Hvordan afhentes et passende v\u00e6vet designgulvem\u00e6rke i interi\u00f8rdekoration? Hvad er prisen p\u00e5 v\u00e6vet vinylgulv?\" \/>\n<meta property=\"og:url\" content=\"https:\/\/theflooring.pro\/da\/blog\/\" \/>\n<meta property=\"og:site_name\" content=\"SUMBRA\" \/>\n<meta property=\"article:modified_time\" content=\"2021-08-15T03:27:49+00:00\" \/>\n<meta name=\"twitter:card\" content=\"summary_large_image\" \/>\n<meta name=\"twitter:label1\" content=\"Estimeret l\u00e6setid\" \/>\n\t<meta name=\"twitter:data1\" content=\"1 minut\" \/>\n<script type=\"application\/ld+json\" class=\"yoast-schema-graph\">{\"@context\":\"https:\\\/\\\/schema.org\",\"@graph\":[{\"@type\":\"WebPage\",\"@id\":\"https:\\\/\\\/theflooring.pro\\\/da\\\/blog\\\/\",\"url\":\"https:\\\/\\\/theflooring.pro\\\/da\\\/blog\\\/\",\"name\":\"Blog &#8211; SUMBRA\",\"isPartOf\":{\"@id\":\"https:\\\/\\\/theflooring.pro\\\/#website\"},\"datePublished\":\"2020-09-06T19:50:20+00:00\",\"dateModified\":\"2021-08-15T03:27:49+00:00\",\"description\":\"Hvad er v\u00e6vet vinylgulv? Hvordan afhentes et passende v\u00e6vet designgulvem\u00e6rke i interi\u00f8rdekoration? Hvad er prisen p\u00e5 v\u00e6vet vinylgulv?\",\"breadcrumb\":{\"@id\":\"https:\\\/\\\/theflooring.pro\\\/da\\\/blog\\\/#breadcrumb\"},\"inLanguage\":\"da-DK\",\"potentialAction\":[{\"@type\":\"ReadAction\",\"target\":[\"https:\\\/\\\/theflooring.pro\\\/da\\\/blog\\\/\"]}]},{\"@type\":\"BreadcrumbList\",\"@id\":\"https:\\\/\\\/theflooring.pro\\\/da\\\/blog\\\/#breadcrumb\",\"itemListElement\":[{\"@type\":\"ListItem\",\"position\":1,\"name\":\"Home\",\"item\":\"https:\\\/\\\/theflooring.pro\\\/da\\\/\"},{\"@type\":\"ListItem\",\"position\":2,\"name\":\"Blog\"}]},{\"@type\":\"WebSite\",\"@id\":\"https:\\\/\\\/theflooring.pro\\\/#website\",\"url\":\"https:\\\/\\\/theflooring.pro\\\/\",\"name\":\"SUMBRA\",\"description\":\"Premium Woven Vinyl Flooring China Manufacturers\",\"potentialAction\":[{\"@type\":\"SearchAction\",\"target\":{\"@type\":\"EntryPoint\",\"urlTemplate\":\"https:\\\/\\\/theflooring.pro\\\/?s={search_term_string}\"},\"query-input\":{\"@type\":\"PropertyValueSpecification\",\"valueRequired\":true,\"valueName\":\"search_term_string\"}}],\"inLanguage\":\"da-DK\"}]}<\/script>\n<!-- \/ Yoast SEO Premium plugin. -->","yoast_head_json":{"title":"Blog &#8211; SUMBRA","description":"Hvad er v\u00e6vet vinylgulv? Hvordan afhentes et passende v\u00e6vet designgulvem\u00e6rke i interi\u00f8rdekoration? Hvad er prisen p\u00e5 v\u00e6vet vinylgulv?","robots":{"index":"index","follow":"follow","max-snippet":"max-snippet:-1","max-image-preview":"max-image-preview:large","max-video-preview":"max-video-preview:-1"},"canonical":"https:\/\/theflooring.pro\/da\/blog\/","og_locale":"da_DK","og_type":"article","og_title":"Blog","og_description":"Hvad er v\u00e6vet vinylgulv? Hvordan afhentes et passende v\u00e6vet designgulvem\u00e6rke i interi\u00f8rdekoration? Hvad er prisen p\u00e5 v\u00e6vet vinylgulv?","og_url":"https:\/\/theflooring.pro\/da\/blog\/","og_site_name":"SUMBRA","article_modified_time":"2021-08-15T03:27:49+00:00","twitter_card":"summary_large_image","twitter_misc":{"Estimeret l\u00e6setid":"1 minut"},"schema":{"@context":"https:\/\/schema.org","@graph":[{"@type":"WebPage","@id":"https:\/\/theflooring.pro\/da\/blog\/","url":"https:\/\/theflooring.pro\/da\/blog\/","name":"Blog &#8211; SUMBRA","isPartOf":{"@id":"https:\/\/theflooring.pro\/#website"},"datePublished":"2020-09-06T19:50:20+00:00","dateModified":"2021-08-15T03:27:49+00:00","description":"Hvad er v\u00e6vet vinylgulv? Hvordan afhentes et passende v\u00e6vet designgulvem\u00e6rke i interi\u00f8rdekoration? Hvad er prisen p\u00e5 v\u00e6vet vinylgulv?","breadcrumb":{"@id":"https:\/\/theflooring.pro\/da\/blog\/#breadcrumb"},"inLanguage":"da-DK","potentialAction":[{"@type":"ReadAction","target":["https:\/\/theflooring.pro\/da\/blog\/"]}]},{"@type":"BreadcrumbList","@id":"https:\/\/theflooring.pro\/da\/blog\/#breadcrumb","itemListElement":[{"@type":"ListItem","position":1,"name":"Home","item":"https:\/\/theflooring.pro\/da\/"},{"@type":"ListItem","position":2,"name":"Blog"}]},{"@type":"WebSite","@id":"https:\/\/theflooring.pro\/#website","url":"https:\/\/theflooring.pro\/","name":"SUMBRA","description":"Premium Woven Vinyl Flooring China Manufacturers","potentialAction":[{"@type":"SearchAction","target":{"@type":"EntryPoint","urlTemplate":"https:\/\/theflooring.pro\/?s={search_term_string}"},"query-input":{"@type":"PropertyValueSpecification","valueRequired":true,"valueName":"search_term_string"}}],"inLanguage":"da-DK"}]}},"_links":{"self":[{"href":"https:\/\/theflooring.pro\/da\/wp-json\/wp\/v2\/pages\/5580","targetHints":{"allow":["GET"]}}],"collection":[{"href":"https:\/\/theflooring.pro\/da\/wp-json\/wp\/v2\/pages"}],"about":[{"href":"https:\/\/theflooring.pro\/da\/wp-json\/wp\/v2\/types\/page"}],"author":[{"embeddable":true,"href":"https:\/\/theflooring.pro\/da\/wp-json\/wp\/v2\/users\/1"}],"replies":[{"embeddable":true,"href":"https:\/\/theflooring.pro\/da\/wp-json\/wp\/v2\/comments?post=5580"}],"version-history":[{"count":0,"href":"https:\/\/theflooring.pro\/da\/wp-json\/wp\/v2\/pages\/5580\/revisions"}],"wp:attachment":[{"href":"https:\/\/theflooring.pro\/da\/wp-json\/wp\/v2\/media?parent=5580"}],"curies":[{"name":"wp","href":"https:\/\/api.w.org\/{rel}","templated":true}]}}